{"id":215,"date":"2017-04-14T11:48:19","date_gmt":"2017-04-14T09:48:19","guid":{"rendered":"http:\/\/kralpolany.sk\/?page_id=215"},"modified":"2021-04-19T21:59:14","modified_gmt":"2021-04-19T19:59:14","slug":"galeria","status":"publish","type":"page","link":"https:\/\/kralpolany.sk\/?page_id=215","title":{"rendered":"Gal\u00e9ria"},"content":{"rendered":"\t\t<div data-elementor-type=\"wp-page\" data-elementor-id=\"215\" class=\"elementor elementor-215\">\n\t\t\t\t\t\t<div class=\"elementor-inner\">\n\t\t\t\t<div class=\"elementor-section-wrap\">\n\t\t\t\t\t\t\t\t\t<section class=\"elementor-section elementor-top-section elementor-element elementor-element-38972786 elementor-section-boxed elementor-section-height-default elementor-section-height-default\" data-id=\"38972786\" data-element_type=\"section\">\n\t\t\t\t\t\t<div class=\"elementor-container elementor-column-gap-default\">\n\t\t\t\t\t\t\t<div class=\"elementor-row\">\n\t\t\t\t\t<div class=\"elementor-column elementor-col-100 elementor-top-column elementor-element elementor-element-8628b7d\" data-id=\"8628b7d\" data-element_type=\"column\">\n\t\t\t<div class=\"elementor-column-wrap elementor-element-populated\">\n\t\t\t\t\t\t\t<div class=\"elementor-widget-wrap\">\n\t\t\t\t\t\t<div class=\"elementor-element elementor-element-752dd964 animated-fast elementor-invisible elementor-widget elementor-widget-text-editor\" data-id=\"752dd964\" data-element_type=\"widget\" data-settings=\"{&quot;_animation&quot;:&quot;zoomIn&quot;}\" data-widget_type=\"text-editor.default\">\n\t\t\t\t<div class=\"elementor-widget-container\">\n\t\t\t\t\t\t\t\t<div class=\"elementor-text-editor elementor-clearfix\">\n\t\t\t\t<h3 style=\"font-variant-ligatures: normal; font-variant-caps: normal; font-family: Roboto, sans-serif; font-size: 14px; font-style: normal; font-weight: 400; text-align: center;\"><strong><span style=\"text-decoration: underline;\"><span style=\"font-size: 14px;\">Fotogal\u00e9ria 2020:<\/span><\/span><\/strong><\/h3><h3 style=\"font-variant-ligatures: normal; font-variant-caps: normal; font-family: Roboto, sans-serif; font-size: 14px; font-style: normal; font-weight: 400; text-align: center;\"><a href=\"https:\/\/uloz.to\/file\/n5S8KtwMK2Ku\/duatlon-kral-polany-rar?fbclid=IwAR1yabjvRegnOCxHKtzZ4KH8aC_7Ij1MNgj4Xd-UHNLJExQN1kY5pfIgP5M\" target=\"_blank\" rel=\"noopener\">fotky 4. ro\u010dn\u00edk<\/a><\/h3><h3 style=\"font-variant-ligatures: normal; font-variant-caps: normal; font-family: Roboto, sans-serif; font-size: 14px; font-style: normal; font-weight: 400; text-align: center;\"><strong><span style=\"text-decoration: underline;\"><span style=\"font-size: 14px;\">Fotogal\u00e9ria<\/span><\/span><span style=\"text-decoration: underline;\"><span style=\"font-size: 14px;\"> 2019:<\/span><\/span><\/strong><\/h3><h3 style=\"font-variant-ligatures: normal; font-variant-caps: normal; font-family: Roboto, sans-serif; font-size: 14px; font-style: normal; font-weight: 400; text-align: center;\"><a href=\"https:\/\/www.facebook.com\/media\/set\/?vanity=BoleslavskyPhoto&amp;set=a.3005185339555859\" target=\"_blank\" rel=\"noopener\">fotky od Vratka Boleslavsk\u00e9ho<\/a><\/h3><h3 style=\"font-variant-ligatures: normal; font-variant-caps: normal; font-family: Roboto, sans-serif; font-size: 14px; font-style: normal; font-weight: 400; text-align: center;\"><strong><span style=\"text-decoration: underline;\"><span style=\"font-size: 14px;\">Fotogal\u00e9ria 2018:<\/span><\/span><\/strong><\/h3><p style=\"font-variant-ligatures: normal; font-variant-caps: normal; font-family: Roboto, sans-serif; font-size: 14px; font-style: normal; font-weight: 400; text-align: center;\"><a style=\"font-size: 14px;\" href=\"https:\/\/www.facebook.com\/pg\/BoleslavskyPhoto\/photos\/?tab=album&amp;album_id=2186591361415265&amp;__xts__%5B0%5D=68.ARCTvUn2auNQoa5PeSUyJgzyrHniHtRhTe6KxUHn6zY_Bb09av9lmWPNZ29EdiDReJw1i7-YsDrio82OmJnmzQH4vDeMK1dyhKqyLsESF5P_zTQrD6e9mIEklX8fp6ccphiLOU0NcxTdC_EOvyX8dyvrwiakAxDIm0LiG3TAwb3kHeppBeSK9w&amp;__tn__=-UK-R\" target=\"_blank\" rel=\"noopener\">fotky od Vratka Boleslavsk\u00e9ho<\/a><\/p><p style=\"font-variant-ligatures: normal; font-variant-caps: normal; font-family: Roboto, sans-serif; font-size: 14px; font-style: normal; font-weight: 400; text-align: center;\"><a style=\"font-size: 14px;\" href=\"https:\/\/www.facebook.com\/ozzy.melichpalcak\/media_set?set=a.466663663851350&amp;type=3&amp;uploaded=307&amp;__xts__[0]=68.ARBeTanr4m3Q1us2Nj7GDGsSiXrsW69yY0qcpu0Hao5L4KdkZHzHgrRJHCuY4z_WSQXaITUJAgZ-bfHNnb8bAqweaoUZpt8S2UQ8HEnucTfcKIqihUmVPcxJ4cn4pMRiTwdNeNVuuMKTuVLmsFhGDuW4Z-Wo9ydUzGQ_EtldTM3p9-VxvEApYQ&amp;__tn__=-UK-R\" target=\"_blank\" rel=\"noopener\">fotky od Ozzyho a Rii<\/a><\/p><p style=\"font-variant-ligatures: normal; font-variant-caps: normal; font-family: Roboto, sans-serif; font-size: 14px; font-style: normal; font-weight: 400; text-align: center;\"><a style=\"font-size: 14px;\" href=\"https:\/\/photos.app.goo.gl\/q4ufBnqnT9vq3ZKc7\" target=\"_blank\" rel=\"noopener\">fotky od Horsk\u00fd duatlon Kr\u00e1\u013e Po\u013eany<\/a><\/p><h3 style=\"font-variant-ligatures: normal; font-variant-caps: normal; font-family: Roboto, sans-serif; font-size: 14px; font-style: normal; font-weight: 400; text-align: center;\"><span style=\"text-decoration: underline;\"><strong>Fotogal\u00e9ria 2017:<\/strong><\/span><\/h3><p style=\"font-variant-ligatures: normal; font-variant-caps: normal; font-family: Roboto, sans-serif; font-size: 14px; font-style: normal; font-weight: 400; text-align: center;\"><a style=\"font-size: 14px;\" href=\"https:\/\/photos.google.com\/share\/AF1QipM7IQ8IeMf0mlsRhD8YvIVh1AZrcpNVxU1oCSKHQ-ZjbKfZn-_9gPvHwk9QFXR3JA?key=QnBSMEFqaGpmNlR6Qk9fbld5NDE0U2RTU0tpZ0N3\" target=\"_blank\" rel=\"noopener\">fotky od Petra Ku\u010deru<\/a><\/p><p style=\"font-variant-ligatures: normal; font-variant-caps: normal; font-family: Roboto, sans-serif; font-size: 14px; font-style: normal; font-weight: 400; text-align: center;\"><a style=\"font-size: 14px;\" href=\"https:\/\/photos.google.com\/share\/AF1QipNCr5rugpRlOPQhaXtXGNZRA4awsLxTelDGd0S9wCpxmuQBc60_a7cmTaUFgipOEA?key=SFNrdEVTYU5XR0RRcUE2UVd4T1FlSEVPdkpuOFR3\" target=\"_blank\" rel=\"noopener\">fotky od Andrei Melichovej<\/a><\/p><p style=\"font-variant-ligatures: normal; font-variant-caps: normal; font-family: Roboto, sans-serif; font-size: 14px; font-style: normal; font-weight: 400; text-align: center;\"><a style=\"font-size: 14px;\" href=\"https:\/\/www.facebook.com\/pg\/matejkapustafotograf\/photos\/?tab=album&amp;album_id=1478900038831079\" target=\"_blank\" rel=\"noopener\">fotky od Mateja Kapustu<\/a><\/p><p style=\"font-variant-ligatures: normal; font-variant-caps: normal; font-family: Roboto, sans-serif; font-size: 14px; font-style: normal; font-weight: 400; text-align: center;\"><a style=\"font-size: 14px;\" href=\"https:\/\/www.facebook.com\/pg\/BoleslavskyPhoto\/photos\/?tab=album&amp;album_id=1620719981335742\" target=\"_blank\" rel=\"noopener\">fotky od Vratka Boleslavsk\u00e9ho<\/a><\/p><h3 style=\"font-variant-ligatures: normal; font-variant-caps: normal; font-family: Roboto, sans-serif; font-size: 14px; font-style: normal; font-weight: 400; text-align: center;\"><span style=\"text-decoration: underline;\"><strong>Fotogal\u00e9ria 2016:<\/strong><\/span><\/h3><p style=\"text-align: center;\"><a href=\"https:\/\/plus.google.com\/u\/0\/photos\/109198588303541892960\/albums\/6323616740586315153\" target=\"_blank\" rel=\"noopener\">fotky od Richarda Lehock\u00e9ho<\/a><\/p><p style=\"text-align: center;\"><a href=\"https:\/\/www.facebook.com\/pg\/BoleslavskyPhoto\/photos\/?tab=album&amp;album_id=1157743387633406\" target=\"_blank\" rel=\"noopener\">fotky od Vratka Boleslavsk\u00e9ho<\/a><\/p><p style=\"text-align: center;\"><a href=\"https:\/\/www.facebook.com\/pg\/matejkapustafotograf\/photos\/?tab=album&amp;album_id=1121006241287129\" target=\"_blank\" rel=\"noopener\">fotky od Mateja Kapustu<\/a><\/p><p style=\"text-align: center;\">\u00a0<\/p>\t\t\t\t\t<\/div>\n\t\t\t\t\t\t<\/div>\n\t\t\t\t<\/div>\n\t\t\t\t\t\t<\/div>\n\t\t\t\t\t<\/div>\n\t\t<\/div>\n\t\t\t\t\t\t\t\t<\/div>\n\t\t\t\t\t<\/div>\n\t\t<\/section>\n\t\t\t\t\t\t\t\t\t<\/div>\n\t\t\t<\/div>\n\t\t\t\t\t<\/div>\n\t\t","protected":false},"excerpt":{"rendered":"<p>Fotogal\u00e9ria 2020: fotky 4. ro\u010dn\u00edk Fotogal\u00e9ria 2019: fotky od Vratka Boleslavsk\u00e9ho Fotogal\u00e9ria 2018: fotky od Vratka Boleslavsk\u00e9ho fotky od Ozzyho a Rii fotky od Horsk\u00fd duatlon Kr\u00e1\u013e Po\u013eany Fotogal\u00e9ria 2017: fotky od Petra Ku\u010deru fotky od Andrei Melichovej fotky od Mateja Kapustu fotky od Vratka Boleslavsk\u00e9ho Fotogal\u00e9ria 2016: fotky od Richarda Lehock\u00e9ho fotky od Vratka [&hellip;]<\/p>\n","protected":false},"author":1,"featured_media":0,"parent":0,"menu_order":0,"comment_status":"closed","ping_status":"closed","template":"","meta":{"_mi_skip_tracking":false},"yoast_head":"<!-- This site is optimized with the Yoast SEO plugin v20.6 - https:\/\/yoast.com\/wordpress\/plugins\/seo\/ -->\n<title>Gal\u00e9ria -<\/title>\n<meta name=\"robots\" content=\"index, follow, max-snippet:-1, max-image-preview:large, max-video-preview:-1\" \/>\n<link rel=\"canonical\" href=\"https:\/\/kralpolany.sk\/?page_id=215\" \/>\n<meta property=\"og:locale\" content=\"sk_SK\" \/>\n<meta property=\"og:type\" content=\"article\" \/>\n<meta property=\"og:title\" content=\"Gal\u00e9ria -\" \/>\n<meta property=\"og:description\" content=\"Fotogal\u00e9ria 2020: fotky 4. ro\u010dn\u00edk Fotogal\u00e9ria 2019: fotky od Vratka Boleslavsk\u00e9ho Fotogal\u00e9ria 2018: fotky od Vratka Boleslavsk\u00e9ho fotky od Ozzyho a Rii fotky od Horsk\u00fd duatlon Kr\u00e1\u013e Po\u013eany Fotogal\u00e9ria 2017: fotky od Petra Ku\u010deru fotky od Andrei Melichovej fotky od Mateja Kapustu fotky od Vratka Boleslavsk\u00e9ho Fotogal\u00e9ria 2016: fotky od Richarda Lehock\u00e9ho fotky od Vratka [&hellip;]\" \/>\n<meta property=\"og:url\" content=\"https:\/\/kralpolany.sk\/?page_id=215\" \/>\n<meta property=\"article:modified_time\" content=\"2021-04-19T19:59:14+00:00\" \/>\n<meta name=\"twitter:card\" content=\"summary_large_image\" \/>\n<script type=\"application\/ld+json\" class=\"yoast-schema-graph\">{\"@context\":\"https:\/\/schema.org\",\"@graph\":[{\"@type\":\"WebPage\",\"@id\":\"https:\/\/kralpolany.sk\/?page_id=215\",\"url\":\"https:\/\/kralpolany.sk\/?page_id=215\",\"name\":\"Gal\u00e9ria -\",\"isPartOf\":{\"@id\":\"https:\/\/kralpolany.sk\/#website\"},\"datePublished\":\"2017-04-14T09:48:19+00:00\",\"dateModified\":\"2021-04-19T19:59:14+00:00\",\"breadcrumb\":{\"@id\":\"https:\/\/kralpolany.sk\/?page_id=215#breadcrumb\"},\"inLanguage\":\"sk-SK\",\"potentialAction\":[{\"@type\":\"ReadAction\",\"target\":[\"https:\/\/kralpolany.sk\/?page_id=215\"]}]},{\"@type\":\"BreadcrumbList\",\"@id\":\"https:\/\/kralpolany.sk\/?page_id=215#breadcrumb\",\"itemListElement\":[{\"@type\":\"ListItem\",\"position\":1,\"name\":\"Domovsk\u00e1 str\u00e1nka\",\"item\":\"https:\/\/kralpolany.sk\/\"},{\"@type\":\"ListItem\",\"position\":2,\"name\":\"Gal\u00e9ria\"}]},{\"@type\":\"WebSite\",\"@id\":\"https:\/\/kralpolany.sk\/#website\",\"url\":\"https:\/\/kralpolany.sk\/\",\"name\":\"\",\"description\":\"\",\"potentialAction\":[{\"@type\":\"SearchAction\",\"target\":{\"@type\":\"EntryPoint\",\"urlTemplate\":\"https:\/\/kralpolany.sk\/?s={search_term_string}\"},\"query-input\":\"required name=search_term_string\"}],\"inLanguage\":\"sk-SK\"}]}<\/script>\n<!-- \/ Yoast SEO plugin. -->","yoast_head_json":{"title":"Gal\u00e9ria -","robots":{"index":"index","follow":"follow","max-snippet":"max-snippet:-1","max-image-preview":"max-image-preview:large","max-video-preview":"max-video-preview:-1"},"canonical":"https:\/\/kralpolany.sk\/?page_id=215","og_locale":"sk_SK","og_type":"article","og_title":"Gal\u00e9ria -","og_description":"Fotogal\u00e9ria 2020: fotky 4. ro\u010dn\u00edk Fotogal\u00e9ria 2019: fotky od Vratka Boleslavsk\u00e9ho Fotogal\u00e9ria 2018: fotky od Vratka Boleslavsk\u00e9ho fotky od Ozzyho a Rii fotky od Horsk\u00fd duatlon Kr\u00e1\u013e Po\u013eany Fotogal\u00e9ria 2017: fotky od Petra Ku\u010deru fotky od Andrei Melichovej fotky od Mateja Kapustu fotky od Vratka Boleslavsk\u00e9ho Fotogal\u00e9ria 2016: fotky od Richarda Lehock\u00e9ho fotky od Vratka [&hellip;]","og_url":"https:\/\/kralpolany.sk\/?page_id=215","article_modified_time":"2021-04-19T19:59:14+00:00","twitter_card":"summary_large_image","schema":{"@context":"https:\/\/schema.org","@graph":[{"@type":"WebPage","@id":"https:\/\/kralpolany.sk\/?page_id=215","url":"https:\/\/kralpolany.sk\/?page_id=215","name":"Gal\u00e9ria -","isPartOf":{"@id":"https:\/\/kralpolany.sk\/#website"},"datePublished":"2017-04-14T09:48:19+00:00","dateModified":"2021-04-19T19:59:14+00:00","breadcrumb":{"@id":"https:\/\/kralpolany.sk\/?page_id=215#breadcrumb"},"inLanguage":"sk-SK","potentialAction":[{"@type":"ReadAction","target":["https:\/\/kralpolany.sk\/?page_id=215"]}]},{"@type":"BreadcrumbList","@id":"https:\/\/kralpolany.sk\/?page_id=215#breadcrumb","itemListElement":[{"@type":"ListItem","position":1,"name":"Domovsk\u00e1 str\u00e1nka","item":"https:\/\/kralpolany.sk\/"},{"@type":"ListItem","position":2,"name":"Gal\u00e9ria"}]},{"@type":"WebSite","@id":"https:\/\/kralpolany.sk\/#website","url":"https:\/\/kralpolany.sk\/","name":"","description":"","potentialAction":[{"@type":"SearchAction","target":{"@type":"EntryPoint","urlTemplate":"https:\/\/kralpolany.sk\/?s={search_term_string}"},"query-input":"required name=search_term_string"}],"inLanguage":"sk-SK"}]}},"_links":{"self":[{"href":"https:\/\/kralpolany.sk\/index.php?rest_route=\/wp\/v2\/pages\/215"}],"collection":[{"href":"https:\/\/kralpolany.sk\/index.php?rest_route=\/wp\/v2\/pages"}],"about":[{"href":"https:\/\/kralpolany.sk\/index.php?rest_route=\/wp\/v2\/types\/page"}],"author":[{"embeddable":true,"href":"https:\/\/kralpolany.sk\/index.php?rest_route=\/wp\/v2\/users\/1"}],"replies":[{"embeddable":true,"href":"https:\/\/kralpolany.sk\/index.php?rest_route=%2Fwp%2Fv2%2Fcomments&post=215"}],"version-history":[{"count":6,"href":"https:\/\/kralpolany.sk\/index.php?rest_route=\/wp\/v2\/pages\/215\/revisions"}],"predecessor-version":[{"id":574,"href":"https:\/\/kralpolany.sk\/index.php?rest_route=\/wp\/v2\/pages\/215\/revisions\/574"}],"wp:attachment":[{"href":"https:\/\/kralpolany.sk\/index.php?rest_route=%2Fwp%2Fv2%2Fmedia&parent=215"}],"curies":[{"name":"wp","href":"https:\/\/api.w.org\/{rel}","templated":true}]}}