{"id":374,"date":"2018-07-26T23:24:04","date_gmt":"2018-07-26T21:24:04","guid":{"rendered":"http:\/\/kralpolany.sk\/?page_id=374"},"modified":"2024-09-04T10:46:04","modified_gmt":"2024-09-04T08:46:04","slug":"partneri","status":"publish","type":"page","link":"https:\/\/kralpolany.sk\/?page_id=374","title":{"rendered":"Partneri"},"content":{"rendered":"\t\t<div data-elementor-type=\"wp-page\" data-elementor-id=\"374\" class=\"elementor elementor-374\">\n\t\t\t\t\t\t<div class=\"elementor-inner\">\n\t\t\t\t<div class=\"elementor-section-wrap\">\n\t\t\t\t\t\t\t\t\t<section class=\"elementor-section elementor-top-section elementor-element elementor-element-59ec9607 elementor-section-boxed elementor-section-height-default elementor-section-height-default\" data-id=\"59ec9607\" data-element_type=\"section\">\n\t\t\t\t\t\t<div class=\"elementor-container elementor-column-gap-default\">\n\t\t\t\t\t\t\t<div class=\"elementor-row\">\n\t\t\t\t\t<div class=\"elementor-column elementor-col-100 elementor-top-column elementor-element elementor-element-56bf07d6\" data-id=\"56bf07d6\" data-element_type=\"column\">\n\t\t\t<div class=\"elementor-column-wrap elementor-element-populated\">\n\t\t\t\t\t\t\t<div class=\"elementor-widget-wrap\">\n\t\t\t\t\t\t<div class=\"elementor-element elementor-element-37388951 elementor-widget elementor-widget-text-editor\" data-id=\"37388951\" data-element_type=\"widget\" data-widget_type=\"text-editor.default\">\n\t\t\t\t<div class=\"elementor-widget-container\">\n\t\t\t\t\t\t\t\t<div class=\"elementor-text-editor elementor-clearfix\">\n\t\t\t\t<h1 style=\"text-align: center;\"><strong>Podujatie v roku 2020 finan\u010dne a organiza\u010dne podporili:<\/strong><\/h1><p><a href=\"https:\/\/www.facebook.com\/banskobystrickahorskasluzba\/\" target=\"_blank\" rel=\"noopener noreferrer\"><img decoding=\"async\" loading=\"lazy\" class=\"wp-image-387 size-thumbnail aligncenter\" src=\"http:\/\/kralpolany.sk\/wp-content\/uploads\/2018\/07\/hs-150x150.jpg\" alt=\"\" width=\"150\" height=\"150\" \/><\/a><a href=\"http:\/\/www.kopsweb.sk\/\" target=\"_blank\" rel=\"noopener noreferrer\"><img decoding=\"async\" loading=\"lazy\" class=\"wp-image-379 aligncenter\" src=\"http:\/\/kralpolany.sk\/wp-content\/uploads\/2018\/07\/kops-300x212.jpg\" alt=\"\" width=\"212\" height=\"150\" srcset=\"https:\/\/kralpolany.sk\/wp-content\/uploads\/2018\/07\/kops-300x212.jpg 300w, https:\/\/kralpolany.sk\/wp-content\/uploads\/2018\/07\/kops-768x542.jpg 768w, https:\/\/kralpolany.sk\/wp-content\/uploads\/2018\/07\/kops-1024x723.jpg 1024w, https:\/\/kralpolany.sk\/wp-content\/uploads\/2018\/07\/kops-972x686.jpg 972w\" sizes=\"(max-width: 212px) 100vw, 212px\" \/><\/a><a href=\"http:\/\/www.komex.sk\/\" target=\"_blank\" rel=\"noopener noreferrer\"><img decoding=\"async\" loading=\"lazy\" class=\"wp-image-388 aligncenter\" src=\"http:\/\/kralpolany.sk\/wp-content\/uploads\/2018\/07\/Komex-300x212.jpg\" alt=\"\" width=\"212\" height=\"150\" srcset=\"https:\/\/kralpolany.sk\/wp-content\/uploads\/2018\/07\/Komex-300x212.jpg 300w, https:\/\/kralpolany.sk\/wp-content\/uploads\/2018\/07\/Komex-768x543.jpg 768w, https:\/\/kralpolany.sk\/wp-content\/uploads\/2018\/07\/Komex-1024x723.jpg 1024w, https:\/\/kralpolany.sk\/wp-content\/uploads\/2018\/07\/Komex-972x687.jpg 972w\" sizes=\"(max-width: 212px) 100vw, 212px\" \/><\/a>\u00a0<a href=\"https:\/\/www.najkrajsieihriska.sk\/\" target=\"_blank\" rel=\"noopener noreferrer\"><img decoding=\"async\" loading=\"lazy\" class=\"wp-image-383 size-thumbnail aligncenter\" src=\"http:\/\/kralpolany.sk\/wp-content\/uploads\/2018\/07\/mravec-a-synovia-150x150.jpg\" alt=\"\" width=\"150\" height=\"150\" \/><img decoding=\"async\" loading=\"lazy\" class=\"aligncenter wp-image-804 size-medium\" src=\"http:\/\/kralpolany.sk\/wp-content\/uploads\/2024\/09\/logo-najkrajsie-300x117.png\" alt=\"\" width=\"300\" height=\"117\" srcset=\"https:\/\/kralpolany.sk\/wp-content\/uploads\/2024\/09\/logo-najkrajsie-300x117.png 300w, https:\/\/kralpolany.sk\/wp-content\/uploads\/2024\/09\/logo-najkrajsie.png 512w\" sizes=\"(max-width: 300px) 100vw, 300px\" \/><\/a>\u00a0 \u00a0\u00a0\u00a0\u00a0 <a href=\"https:\/\/frisnakava.sk\/\"><img decoding=\"async\" loading=\"lazy\" class=\"aligncenter wp-image-806 size-medium\" src=\"http:\/\/kralpolany.sk\/wp-content\/uploads\/2024\/09\/Frisna-kava-JPG-300x122.jpg\" alt=\"\" width=\"300\" height=\"122\" srcset=\"https:\/\/kralpolany.sk\/wp-content\/uploads\/2024\/09\/Frisna-kava-JPG-300x122.jpg 300w, https:\/\/kralpolany.sk\/wp-content\/uploads\/2024\/09\/Frisna-kava-JPG-1024x415.jpg 1024w, https:\/\/kralpolany.sk\/wp-content\/uploads\/2024\/09\/Frisna-kava-JPG-768x312.jpg 768w, https:\/\/kralpolany.sk\/wp-content\/uploads\/2024\/09\/Frisna-kava-JPG-1536x623.jpg 1536w, https:\/\/kralpolany.sk\/wp-content\/uploads\/2024\/09\/Frisna-kava-JPG-2048x831.jpg 2048w\" sizes=\"(max-width: 300px) 100vw, 300px\" \/><\/a><a href=\"https:\/\/www.hoteltenis.sk\/\" target=\"_blank\" rel=\"noopener noreferrer\"><br \/><\/a><a href=\"http:\/\/www.geostavdetva.sk\/\" target=\"_blank\" rel=\"noopener noreferrer\"><img decoding=\"async\" loading=\"lazy\" class=\"wp-image-376 aligncenter\" src=\"http:\/\/kralpolany.sk\/wp-content\/uploads\/2018\/07\/geostav-300x212.jpg\" alt=\"\" width=\"212\" height=\"150\" srcset=\"https:\/\/kralpolany.sk\/wp-content\/uploads\/2018\/07\/geostav-300x212.jpg 300w, https:\/\/kralpolany.sk\/wp-content\/uploads\/2018\/07\/geostav-768x542.jpg 768w, https:\/\/kralpolany.sk\/wp-content\/uploads\/2018\/07\/geostav-1024x723.jpg 1024w, https:\/\/kralpolany.sk\/wp-content\/uploads\/2018\/07\/geostav-972x686.jpg 972w\" sizes=\"(max-width: 212px) 100vw, 212px\" \/><\/a><img decoding=\"async\" loading=\"lazy\" class=\"alignnone wp-image-400 aligncenter\" src=\"http:\/\/kralpolany.sk\/wp-content\/uploads\/2018\/08\/IDJ-300x212.jpg\" alt=\"\" width=\"212\" height=\"150\" srcset=\"https:\/\/kralpolany.sk\/wp-content\/uploads\/2018\/08\/IDJ-300x212.jpg 300w, https:\/\/kralpolany.sk\/wp-content\/uploads\/2018\/08\/IDJ-768x542.jpg 768w, https:\/\/kralpolany.sk\/wp-content\/uploads\/2018\/08\/IDJ-1024x723.jpg 1024w, https:\/\/kralpolany.sk\/wp-content\/uploads\/2018\/08\/IDJ-972x686.jpg 972w\" sizes=\"(max-width: 212px) 100vw, 212px\" \/><img decoding=\"async\" loading=\"lazy\" class=\"alignnone wp-image-398 aligncenter\" src=\"http:\/\/kralpolany.sk\/wp-content\/uploads\/2018\/08\/Les-Indro-300x212.jpg\" alt=\"\" width=\"212\" height=\"150\" srcset=\"https:\/\/kralpolany.sk\/wp-content\/uploads\/2018\/08\/Les-Indro-300x212.jpg 300w, https:\/\/kralpolany.sk\/wp-content\/uploads\/2018\/08\/Les-Indro-768x543.jpg 768w, https:\/\/kralpolany.sk\/wp-content\/uploads\/2018\/08\/Les-Indro-1024x723.jpg 1024w, https:\/\/kralpolany.sk\/wp-content\/uploads\/2018\/08\/Les-Indro-972x687.jpg 972w\" sizes=\"(max-width: 212px) 100vw, 212px\" \/><img decoding=\"async\" loading=\"lazy\" class=\"alignnone wp-image-397 aligncenter\" src=\"http:\/\/kralpolany.sk\/wp-content\/uploads\/2018\/08\/IM-invest-300x212.jpg\" alt=\"\" width=\"212\" height=\"150\" srcset=\"https:\/\/kralpolany.sk\/wp-content\/uploads\/2018\/08\/IM-invest-300x212.jpg 300w, https:\/\/kralpolany.sk\/wp-content\/uploads\/2018\/08\/IM-invest-768x543.jpg 768w, https:\/\/kralpolany.sk\/wp-content\/uploads\/2018\/08\/IM-invest-1024x723.jpg 1024w, https:\/\/kralpolany.sk\/wp-content\/uploads\/2018\/08\/IM-invest-972x687.jpg 972w\" sizes=\"(max-width: 212px) 100vw, 212px\" \/><img decoding=\"async\" loading=\"lazy\" class=\"alignnone wp-image-403 aligncenter\" src=\"http:\/\/kralpolany.sk\/wp-content\/uploads\/2018\/08\/Hotel-Po\u013eana-300x212.jpg\" alt=\"\" width=\"212\" height=\"150\" srcset=\"https:\/\/kralpolany.sk\/wp-content\/uploads\/2018\/08\/Hotel-Po\u013eana-300x212.jpg 300w, https:\/\/kralpolany.sk\/wp-content\/uploads\/2018\/08\/Hotel-Po\u013eana-768x543.jpg 768w, https:\/\/kralpolany.sk\/wp-content\/uploads\/2018\/08\/Hotel-Po\u013eana-1024x723.jpg 1024w, https:\/\/kralpolany.sk\/wp-content\/uploads\/2018\/08\/Hotel-Po\u013eana-972x687.jpg 972w\" sizes=\"(max-width: 212px) 100vw, 212px\" \/><img decoding=\"async\" loading=\"lazy\" class=\"alignnone wp-image-459 size-thumbnail aligncenter\" src=\"http:\/\/kralpolany.sk\/wp-content\/uploads\/2020\/09\/dobronay_kruzok-150x150.jpg\" alt=\"\" width=\"150\" height=\"150\" srcset=\"https:\/\/kralpolany.sk\/wp-content\/uploads\/2020\/09\/dobronay_kruzok-150x150.jpg 150w, https:\/\/kralpolany.sk\/wp-content\/uploads\/2020\/09\/dobronay_kruzok-300x300.jpg 300w, https:\/\/kralpolany.sk\/wp-content\/uploads\/2020\/09\/dobronay_kruzok-768x768.jpg 768w, https:\/\/kralpolany.sk\/wp-content\/uploads\/2020\/09\/dobronay_kruzok.jpg 788w\" sizes=\"(max-width: 150px) 100vw, 150px\" \/><img decoding=\"async\" loading=\"lazy\" class=\"alignnone wp-image-461 size-full aligncenter\" src=\"http:\/\/kralpolany.sk\/wp-content\/uploads\/2020\/09\/118711724_251916075904900_137074718394393572_n-e1599077409814.jpg\" alt=\"\" width=\"150\" height=\"56\" \/><\/p>\t\t\t\t\t<\/div>\n\t\t\t\t\t\t<\/div>\n\t\t\t\t<\/div>\n\t\t\t\t\t\t<\/div>\n\t\t\t\t\t<\/div>\n\t\t<\/div>\n\t\t\t\t\t\t\t\t<\/div>\n\t\t\t\t\t<\/div>\n\t\t<\/section>\n\t\t\t\t\t\t\t\t\t<\/div>\n\t\t\t<\/div>\n\t\t\t\t\t<\/div>\n\t\t","protected":false},"excerpt":{"rendered":"<p>Podujatie v roku 2020 finan\u010dne a organiza\u010dne podporili: \u00a0\u00a0 \u00a0\u00a0\u00a0\u00a0<\/p>\n","protected":false},"author":1,"featured_media":0,"parent":0,"menu_order":0,"comment_status":"closed","ping_status":"closed","template":"","meta":{"_mi_skip_tracking":false},"yoast_head":"<!-- This site is optimized with the Yoast SEO plugin v20.6 - https:\/\/yoast.com\/wordpress\/plugins\/seo\/ -->\n<title>Partneri -<\/title>\n<meta name=\"robots\" content=\"index, follow, max-snippet:-1, max-image-preview:large, max-video-preview:-1\" \/>\n<link rel=\"canonical\" href=\"https:\/\/kralpolany.sk\/?page_id=374\" \/>\n<meta property=\"og:locale\" content=\"sk_SK\" \/>\n<meta property=\"og:type\" content=\"article\" \/>\n<meta property=\"og:title\" content=\"Partneri -\" \/>\n<meta property=\"og:description\" content=\"Podujatie v roku 2020 finan\u010dne a organiza\u010dne podporili: \u00a0\u00a0 \u00a0\u00a0\u00a0\u00a0\" \/>\n<meta property=\"og:url\" content=\"https:\/\/kralpolany.sk\/?page_id=374\" \/>\n<meta property=\"article:modified_time\" content=\"2024-09-04T08:46:04+00:00\" \/>\n<meta property=\"og:image\" content=\"http:\/\/kralpolany.sk\/wp-content\/uploads\/2018\/07\/hs-150x150.jpg\" \/>\n<meta name=\"twitter:card\" content=\"summary_large_image\" \/>\n<meta name=\"twitter:label1\" content=\"Predpokladan\u00fd \u010das \u010d\u00edtania\" \/>\n\t<meta name=\"twitter:data1\" content=\"3 min\u00faty\" \/>\n<script type=\"application\/ld+json\" class=\"yoast-schema-graph\">{\"@context\":\"https:\/\/schema.org\",\"@graph\":[{\"@type\":\"WebPage\",\"@id\":\"https:\/\/kralpolany.sk\/?page_id=374\",\"url\":\"https:\/\/kralpolany.sk\/?page_id=374\",\"name\":\"Partneri -\",\"isPartOf\":{\"@id\":\"https:\/\/kralpolany.sk\/#website\"},\"datePublished\":\"2018-07-26T21:24:04+00:00\",\"dateModified\":\"2024-09-04T08:46:04+00:00\",\"breadcrumb\":{\"@id\":\"https:\/\/kralpolany.sk\/?page_id=374#breadcrumb\"},\"inLanguage\":\"sk-SK\",\"potentialAction\":[{\"@type\":\"ReadAction\",\"target\":[\"https:\/\/kralpolany.sk\/?page_id=374\"]}]},{\"@type\":\"BreadcrumbList\",\"@id\":\"https:\/\/kralpolany.sk\/?page_id=374#breadcrumb\",\"itemListElement\":[{\"@type\":\"ListItem\",\"position\":1,\"name\":\"Domovsk\u00e1 str\u00e1nka\",\"item\":\"https:\/\/kralpolany.sk\/\"},{\"@type\":\"ListItem\",\"position\":2,\"name\":\"Partneri\"}]},{\"@type\":\"WebSite\",\"@id\":\"https:\/\/kralpolany.sk\/#website\",\"url\":\"https:\/\/kralpolany.sk\/\",\"name\":\"\",\"description\":\"\",\"potentialAction\":[{\"@type\":\"SearchAction\",\"target\":{\"@type\":\"EntryPoint\",\"urlTemplate\":\"https:\/\/kralpolany.sk\/?s={search_term_string}\"},\"query-input\":\"required name=search_term_string\"}],\"inLanguage\":\"sk-SK\"}]}<\/script>\n<!-- \/ Yoast SEO plugin. -->","yoast_head_json":{"title":"Partneri -","robots":{"index":"index","follow":"follow","max-snippet":"max-snippet:-1","max-image-preview":"max-image-preview:large","max-video-preview":"max-video-preview:-1"},"canonical":"https:\/\/kralpolany.sk\/?page_id=374","og_locale":"sk_SK","og_type":"article","og_title":"Partneri -","og_description":"Podujatie v roku 2020 finan\u010dne a organiza\u010dne podporili: \u00a0\u00a0 \u00a0\u00a0\u00a0\u00a0","og_url":"https:\/\/kralpolany.sk\/?page_id=374","article_modified_time":"2024-09-04T08:46:04+00:00","og_image":[{"url":"http:\/\/kralpolany.sk\/wp-content\/uploads\/2018\/07\/hs-150x150.jpg"}],"twitter_card":"summary_large_image","twitter_misc":{"Predpokladan\u00fd \u010das \u010d\u00edtania":"3 min\u00faty"},"schema":{"@context":"https:\/\/schema.org","@graph":[{"@type":"WebPage","@id":"https:\/\/kralpolany.sk\/?page_id=374","url":"https:\/\/kralpolany.sk\/?page_id=374","name":"Partneri -","isPartOf":{"@id":"https:\/\/kralpolany.sk\/#website"},"datePublished":"2018-07-26T21:24:04+00:00","dateModified":"2024-09-04T08:46:04+00:00","breadcrumb":{"@id":"https:\/\/kralpolany.sk\/?page_id=374#breadcrumb"},"inLanguage":"sk-SK","potentialAction":[{"@type":"ReadAction","target":["https:\/\/kralpolany.sk\/?page_id=374"]}]},{"@type":"BreadcrumbList","@id":"https:\/\/kralpolany.sk\/?page_id=374#breadcrumb","itemListElement":[{"@type":"ListItem","position":1,"name":"Domovsk\u00e1 str\u00e1nka","item":"https:\/\/kralpolany.sk\/"},{"@type":"ListItem","position":2,"name":"Partneri"}]},{"@type":"WebSite","@id":"https:\/\/kralpolany.sk\/#website","url":"https:\/\/kralpolany.sk\/","name":"","description":"","potentialAction":[{"@type":"SearchAction","target":{"@type":"EntryPoint","urlTemplate":"https:\/\/kralpolany.sk\/?s={search_term_string}"},"query-input":"required name=search_term_string"}],"inLanguage":"sk-SK"}]}},"_links":{"self":[{"href":"https:\/\/kralpolany.sk\/index.php?rest_route=\/wp\/v2\/pages\/374"}],"collection":[{"href":"https:\/\/kralpolany.sk\/index.php?rest_route=\/wp\/v2\/pages"}],"about":[{"href":"https:\/\/kralpolany.sk\/index.php?rest_route=\/wp\/v2\/types\/page"}],"author":[{"embeddable":true,"href":"https:\/\/kralpolany.sk\/index.php?rest_route=\/wp\/v2\/users\/1"}],"replies":[{"embeddable":true,"href":"https:\/\/kralpolany.sk\/index.php?rest_route=%2Fwp%2Fv2%2Fcomments&post=374"}],"version-history":[{"count":6,"href":"https:\/\/kralpolany.sk\/index.php?rest_route=\/wp\/v2\/pages\/374\/revisions"}],"predecessor-version":[{"id":812,"href":"https:\/\/kralpolany.sk\/index.php?rest_route=\/wp\/v2\/pages\/374\/revisions\/812"}],"wp:attachment":[{"href":"https:\/\/kralpolany.sk\/index.php?rest_route=%2Fwp%2Fv2%2Fmedia&parent=374"}],"curies":[{"name":"wp","href":"https:\/\/api.w.org\/{rel}","templated":true}]}}