{"id":510,"date":"2021-04-19T21:49:39","date_gmt":"2021-04-19T19:49:39","guid":{"rendered":"http:\/\/kralpolany.sk\/?page_id=510"},"modified":"2025-09-03T06:42:38","modified_gmt":"2025-09-03T04:42:38","slug":"zakladne-informacie","status":"publish","type":"page","link":"https:\/\/kralpolany.sk\/","title":{"rendered":"Z\u00e1kladn\u00e9 inform\u00e1cie"},"content":{"rendered":"\t\t<div data-elementor-type=\"wp-post\" data-elementor-id=\"510\" class=\"elementor elementor-510\">\n\t\t\t\t\t\t<div class=\"elementor-inner\">\n\t\t\t\t<div class=\"elementor-section-wrap\">\n\t\t\t\t\t\t\t\t\t<section class=\"elementor-section elementor-top-section elementor-element elementor-element-7e67a1a elementor-section-boxed elementor-section-height-default elementor-section-height-default\" data-id=\"7e67a1a\" data-element_type=\"section\">\n\t\t\t\t\t\t<div class=\"elementor-container elementor-column-gap-default\">\n\t\t\t\t\t\t\t<div class=\"elementor-row\">\n\t\t\t\t\t<div class=\"elementor-column elementor-col-100 elementor-top-column elementor-element elementor-element-3466f7c\" data-id=\"3466f7c\" data-element_type=\"column\">\n\t\t\t<div class=\"elementor-column-wrap elementor-element-populated\">\n\t\t\t\t\t\t\t<div class=\"elementor-widget-wrap\">\n\t\t\t\t\t\t<div class=\"elementor-element elementor-element-0aa3968 elementor-widget elementor-widget-heading\" data-id=\"0aa3968\" data-element_type=\"widget\" data-widget_type=\"heading.default\">\n\t\t\t\t<div class=\"elementor-widget-container\">\n\t\t\t<h2 class=\"elementor-heading-title elementor-size-large\">Vid\u00edme sa 6. septembra 2025<\/h2>\t\t<\/div>\n\t\t\t\t<\/div>\n\t\t\t\t\t\t<\/div>\n\t\t\t\t\t<\/div>\n\t\t<\/div>\n\t\t\t\t\t\t\t\t<\/div>\n\t\t\t\t\t<\/div>\n\t\t<\/section>\n\t\t\t\t<section class=\"elementor-section elementor-top-section elementor-element elementor-element-0b969f9 elementor-section-boxed elementor-section-height-default elementor-section-height-default\" data-id=\"0b969f9\" data-element_type=\"section\">\n\t\t\t\t\t\t<div class=\"elementor-container elementor-column-gap-default\">\n\t\t\t\t\t\t\t<div class=\"elementor-row\">\n\t\t\t\t\t<div class=\"elementor-column elementor-col-100 elementor-top-column elementor-element elementor-element-f9d17be\" data-id=\"f9d17be\" data-element_type=\"column\">\n\t\t\t<div class=\"elementor-column-wrap elementor-element-populated\">\n\t\t\t\t\t\t\t<div class=\"elementor-widget-wrap\">\n\t\t\t\t\t\t<div class=\"elementor-element elementor-element-432c7f9 elementor-widget elementor-widget-image\" data-id=\"432c7f9\" data-element_type=\"widget\" data-widget_type=\"image.default\">\n\t\t\t\t<div class=\"elementor-widget-container\">\n\t\t\t\t\t\t\t\t<div class=\"elementor-image\">\n\t\t\t\t\t\t\t\t\t\t\t\t<img decoding=\"async\" width=\"1979\" height=\"1188\" src=\"https:\/\/kralpolany.sk\/wp-content\/uploads\/2020\/12\/Kol\u00e1\u017e01.jpg\" class=\"attachment-full size-full wp-image-512\" alt=\"\" loading=\"lazy\" srcset=\"https:\/\/kralpolany.sk\/wp-content\/uploads\/2020\/12\/Kol\u00e1\u017e01.jpg 1979w, https:\/\/kralpolany.sk\/wp-content\/uploads\/2020\/12\/Kol\u00e1\u017e01-300x180.jpg 300w, https:\/\/kralpolany.sk\/wp-content\/uploads\/2020\/12\/Kol\u00e1\u017e01-1024x615.jpg 1024w, https:\/\/kralpolany.sk\/wp-content\/uploads\/2020\/12\/Kol\u00e1\u017e01-768x461.jpg 768w, https:\/\/kralpolany.sk\/wp-content\/uploads\/2020\/12\/Kol\u00e1\u017e01-1536x922.jpg 1536w\" sizes=\"(max-width: 1979px) 100vw, 1979px\" \/>\t\t\t\t\t\t\t\t\t\t\t\t\t\t<\/div>\n\t\t\t\t\t\t<\/div>\n\t\t\t\t<\/div>\n\t\t\t\t\t\t<\/div>\n\t\t\t\t\t<\/div>\n\t\t<\/div>\n\t\t\t\t\t\t\t\t<\/div>\n\t\t\t\t\t<\/div>\n\t\t<\/section>\n\t\t\t\t<section class=\"elementor-section elementor-top-section elementor-element elementor-element-129fbd5 elementor-section-boxed elementor-section-height-default elementor-section-height-default\" data-id=\"129fbd5\" data-element_type=\"section\">\n\t\t\t\t\t\t<div class=\"elementor-container elementor-column-gap-default\">\n\t\t\t\t\t\t\t<div class=\"elementor-row\">\n\t\t\t\t\t<div class=\"elementor-column elementor-col-100 elementor-top-column elementor-element elementor-element-a2e253a\" data-id=\"a2e253a\" data-element_type=\"column\">\n\t\t\t<div class=\"elementor-column-wrap elementor-element-populated\">\n\t\t\t\t\t\t\t<div class=\"elementor-widget-wrap\">\n\t\t\t\t\t\t<div class=\"elementor-element elementor-element-959a6c4 animated-fast elementor-invisible elementor-widget elementor-widget-text-editor\" data-id=\"959a6c4\" data-element_type=\"widget\" data-settings=\"{&quot;_animation&quot;:&quot;zoomIn&quot;}\" data-widget_type=\"text-editor.default\">\n\t\t\t\t<div class=\"elementor-widget-container\">\n\t\t\t\t\t\t\t\t<div class=\"elementor-text-editor elementor-clearfix\">\n\t\t\t\t<p>V prvom rade ide o preteky roben\u00e9 srdcom. V\u0161etko za\u010dalo t\u00fdm, \u017ee jedn\u00e9ho \u010dasu skrsol v hlav\u00e1ch 4-roch chalanov &#8211; kamar\u00e1tov n\u00e1pad, spravi\u0165 \u0161portov\u00e9 podujatie, ktor\u00e9 zvidite\u013en\u00ed kr\u00e1sy n\u00e1\u0161ho kraja a uk\u00e1\u017ee, \u017ee aj mimo Tatier je mo\u017en\u00e9 spravi\u0165 preteky, ktor\u00e9 poriadne preveria aj t\u00fdch najtr\u00e9novanej\u0161\u00edch.&nbsp; Kr\u00e1\u013e Po\u013eany je duatlon ved\u00faci kr\u00e1snym prostred\u00edm vyhasnut\u00e9ho vulk\u00e1nu Po\u013eana. Pretek\u00e1rom pon\u00faka n\u00e1dhern\u00e9 kulisy a naozaj n\u00e1ro\u010dn\u00fd ter\u00e9n.<\/p>\n<p><span style=\"color: var( --e-global-color-text ); font-size: 15px;\">Po novom sa duatlon za\u010d\u00edna bicyklom.&nbsp; Tu na V\u00e1s \u010dak\u00e1 13 km s prev\u00fd\u0161en\u00edm 800 m. \u0160tartuje sa pri kult\u00farnom dome v Hri\u0148ovej. \u0160tart nebude hromadn\u00fd, ale bude sa \u0161tartova\u0165 v mal\u00fdch skupink\u00e1ch v pravideln\u00fdch rozostupoch. St\u00fapanie za\u010d\u00edna pozvo\u013ene, a\u017e pod priehradu. Tu pr\u00edde prv\u00fd strm\u0161\u00ed kop\u010dek, ktor\u00fd nazna\u010d\u00ed, ako bude vyzera\u0165 \u010fal\u0161ia \u010das\u0165 trate. Na \u00farovni priehrady sa sklon na chv\u00ed\u013eu e\u0161te &#8222;polo\u017e\u00ed&#8220; a d\u00e1 V\u00e1m mo\u017eno\u0165 na\u010derpa\u0165 sily na najstrm\u0161\u00ed \u00fasek, ktor\u00fd nasleduje nad priehraou, so sklonom bl\u00ed\u017eiacim sa ku 20%. Potom sa to tr\u0161i\u010dku zmiern\u00ed, ale v priemere st\u00fapaie u\u017e neklesne pod 12%, a\u017e po Hotel Po\u013eana. \u010co sa t\u00fdka vo\u013eby bicykla, st\u00e1le je najvhodnej\u0161\u00ed cestn\u00fd, aj ke\u010f cesta od priehrady, a\u017e po hotel je z roka na rok hor\u0161ia a diery v asfalte sa obch\u00e1dzaj\u00fa z roka na rok \u010doraz obtia\u017enej\u0161ie.<\/span><\/p>\n<p><span style=\"font-family: Roboto, sans-serif; font-size: 15px; font-style: normal; font-variant-ligatures: normal; font-variant-caps: normal; font-weight: 400;\">Po dojazde k horsk\u00e9mu hotelu Po\u013eana na V\u00e1s \u010dak\u00e1 10 km trailov\u00fd beh s prev\u00fd\u0161en\u00edm 600m. Trasa je identick\u00e1 s tou z predo\u0161l\u00fdch ro\u010dn\u00edkov, akur\u00e1t sa za\u010d\u00edna najsk\u00f4r zbehom z Po\u013eany po \u017eltej zna\u010dke na Bystr\u00e9-Vr\u00e1tka a odtia\u013e nasleduje kr\u00e1sny, n\u00e1ro\u010dn\u00fd a technick\u00fd v\u00fdbeh po zelenej zna\u010dke nasp\u00e4\u0165 na P\u013eanu. Najn\u00e1ro\u010dnej\u0161\u00ed \u00fasek &#8211; v\u00fdbej schodmi a rebr\u00edkmi cez vodop\u00e1d Bystr\u00f4 sa n\u00e1m tro\u0161ku men\u00ed. Dreven\u00e9 schody s\u00fa zru\u0161en\u00e9 a trasa je veden\u00e1 mierne vpravo po novom chodn\u00edku pozost\u00e1vaj\u00facom zo skaln\u00fdch schodov a p\u00e1r kovov\u00fdch schod\u00edkov a\u017e pod vodop\u00e1d. Tam u\u017e taktie\u017e nen\u00e1jdete star\u00e9 kovov\u00e9 rebr\u00edky, ale s\u00fa nahraden\u00e9 nov\u00fdmi bezpe\u010dnej\u0161\u00edmi schodami, a\u017e nad samotn\u00fd vodop\u00e1d. \u010ealej je to u\u017e bez zmeny a\u017e do cie\u013ea, na horsk\u00fd hotel Po\u013eana.<\/span><span style=\"color: var( --e-global-color-text ); font-size: 15px;\"><br><\/span><\/p>\n<p><span style=\"color: var( --e-global-color-text ); font-size: 15px;\">Ka\u017ed\u00fd pretek\u00e1r \u2013 jednotlivec, tak zdol\u00e1 v tomto preteku 2x pohorie Po\u013eany. Pre t\u00fdch, ktor\u00ed si na to netr\u00fafaj\u00fa, ale chceli by si to tie\u017e vysk\u00fa\u0161a\u0165, sme pripravili aj \u0161tafetu dvoj\u00edc, kde jeden pretek\u00e1r be\u017e\u00ed a druh\u00fd bicykluje a \u010fal\u0161iu novinku pre tento ro\u010dn\u00edk, samostatn\u00fa cyklo \u010dasovku.<\/span><\/p>\n<p><span style=\"color: var( --e-global-color-text ); font-size: 15px;\">O va\u0161u bezpe\u010dnos\u0165 na trati sa okrem organiz\u00e1torov a dobrovo\u013en\u00edkov po cel\u00fd \u010das staraj\u00fa chalani z Horskej slu\u017eby Po\u013eana. Netreba v\u0161aj aj napriek tomu zab\u00fada\u0165 na sovju bezpe\u010dnost, neprece\u0148ova\u0165 svoje sily a hlavne nezab\u00fada\u0165, \u017ee preteky sa id\u00fa po\u010das plnej cestnej prem\u00e1vky!<\/span><\/p>\t\t\t\t\t<\/div>\n\t\t\t\t\t\t<\/div>\n\t\t\t\t<\/div>\n\t\t\t\t\t\t<\/div>\n\t\t\t\t\t<\/div>\n\t\t<\/div>\n\t\t\t\t\t\t\t\t<\/div>\n\t\t\t\t\t<\/div>\n\t\t<\/section>\n\t\t\t\t<section class=\"elementor-section elementor-top-section elementor-element elementor-element-85f1677 elementor-section-boxed elementor-section-height-default elementor-section-height-default\" data-id=\"85f1677\" data-element_type=\"section\">\n\t\t\t\t\t\t<div class=\"elementor-container elementor-column-gap-default\">\n\t\t\t\t\t\t\t<div class=\"elementor-row\">\n\t\t\t\t\t<div class=\"elementor-column elementor-col-100 elementor-top-column elementor-element elementor-element-b8862b1\" data-id=\"b8862b1\" data-element_type=\"column\">\n\t\t\t<div class=\"elementor-column-wrap\">\n\t\t\t\t\t\t\t<div class=\"elementor-widget-wrap\">\n\t\t\t\t\t\t\t\t<\/div>\n\t\t\t\t\t<\/div>\n\t\t<\/div>\n\t\t\t\t\t\t\t\t<\/div>\n\t\t\t\t\t<\/div>\n\t\t<\/section>\n\t\t\t\t\t\t\t\t\t<\/div>\n\t\t\t<\/div>\n\t\t\t\t\t<\/div>\n\t\t","protected":false},"excerpt":{"rendered":"<p>Vid\u00edme sa 6. septembra 2025 V prvom rade ide o preteky roben\u00e9 srdcom. V\u0161etko za\u010dalo t\u00fdm, \u017ee jedn\u00e9ho \u010dasu skrsol v hlav\u00e1ch 4-roch chalanov &#8211; kamar\u00e1tov n\u00e1pad, spravi\u0165 \u0161portov\u00e9 podujatie, ktor\u00e9 zvidite\u013en\u00ed kr\u00e1sy n\u00e1\u0161ho kraja a uk\u00e1\u017ee, \u017ee aj mimo Tatier je mo\u017en\u00e9 spravi\u0165 preteky, ktor\u00e9 poriadne preveria aj t\u00fdch najtr\u00e9novanej\u0161\u00edch.&nbsp; Kr\u00e1\u013e Po\u013eany je duatlon [&hellip;]<\/p>\n","protected":false},"author":1,"featured_media":0,"parent":0,"menu_order":0,"comment_status":"closed","ping_status":"closed","template":"","meta":{"_mi_skip_tracking":false},"yoast_head":"<!-- This site is optimized with the Yoast SEO plugin v20.6 - https:\/\/yoast.com\/wordpress\/plugins\/seo\/ -->\n<title>Z\u00e1kladn\u00e9 inform\u00e1cie -<\/title>\n<meta name=\"robots\" content=\"index, follow, max-snippet:-1, max-image-preview:large, max-video-preview:-1\" \/>\n<link rel=\"canonical\" href=\"https:\/\/kralpolany.sk\/\" \/>\n<meta property=\"og:locale\" content=\"sk_SK\" \/>\n<meta property=\"og:type\" content=\"article\" \/>\n<meta property=\"og:title\" content=\"Z\u00e1kladn\u00e9 inform\u00e1cie -\" \/>\n<meta property=\"og:description\" content=\"Vid\u00edme sa 6. septembra 2025 V prvom rade ide o preteky roben\u00e9 srdcom. V\u0161etko za\u010dalo t\u00fdm, \u017ee jedn\u00e9ho \u010dasu skrsol v hlav\u00e1ch 4-roch chalanov &#8211; kamar\u00e1tov n\u00e1pad, spravi\u0165 \u0161portov\u00e9 podujatie, ktor\u00e9 zvidite\u013en\u00ed kr\u00e1sy n\u00e1\u0161ho kraja a uk\u00e1\u017ee, \u017ee aj mimo Tatier je mo\u017en\u00e9 spravi\u0165 preteky, ktor\u00e9 poriadne preveria aj t\u00fdch najtr\u00e9novanej\u0161\u00edch.&nbsp; Kr\u00e1\u013e Po\u013eany je duatlon [&hellip;]\" \/>\n<meta property=\"og:url\" content=\"https:\/\/kralpolany.sk\/\" \/>\n<meta property=\"article:modified_time\" content=\"2025-09-03T04:42:38+00:00\" \/>\n<meta name=\"twitter:card\" content=\"summary_large_image\" \/>\n<meta name=\"twitter:label1\" content=\"Predpokladan\u00fd \u010das \u010d\u00edtania\" \/>\n\t<meta name=\"twitter:data1\" content=\"3 min\u00faty\" \/>\n<script type=\"application\/ld+json\" class=\"yoast-schema-graph\">{\"@context\":\"https:\/\/schema.org\",\"@graph\":[{\"@type\":\"WebPage\",\"@id\":\"https:\/\/kralpolany.sk\/\",\"url\":\"https:\/\/kralpolany.sk\/\",\"name\":\"Z\u00e1kladn\u00e9 inform\u00e1cie -\",\"isPartOf\":{\"@id\":\"https:\/\/kralpolany.sk\/#website\"},\"datePublished\":\"2021-04-19T19:49:39+00:00\",\"dateModified\":\"2025-09-03T04:42:38+00:00\",\"breadcrumb\":{\"@id\":\"https:\/\/kralpolany.sk\/#breadcrumb\"},\"inLanguage\":\"sk-SK\",\"potentialAction\":[{\"@type\":\"ReadAction\",\"target\":[\"https:\/\/kralpolany.sk\/\"]}]},{\"@type\":\"BreadcrumbList\",\"@id\":\"https:\/\/kralpolany.sk\/#breadcrumb\",\"itemListElement\":[{\"@type\":\"ListItem\",\"position\":1,\"name\":\"Domovsk\u00e1 str\u00e1nka\",\"item\":\"https:\/\/kralpolany.sk\/\"},{\"@type\":\"ListItem\",\"position\":2,\"name\":\"Z\u00e1kladn\u00e9 inform\u00e1cie\"}]},{\"@type\":\"WebSite\",\"@id\":\"https:\/\/kralpolany.sk\/#website\",\"url\":\"https:\/\/kralpolany.sk\/\",\"name\":\"\",\"description\":\"\",\"potentialAction\":[{\"@type\":\"SearchAction\",\"target\":{\"@type\":\"EntryPoint\",\"urlTemplate\":\"https:\/\/kralpolany.sk\/?s={search_term_string}\"},\"query-input\":\"required name=search_term_string\"}],\"inLanguage\":\"sk-SK\"}]}<\/script>\n<!-- \/ Yoast SEO plugin. -->","yoast_head_json":{"title":"Z\u00e1kladn\u00e9 inform\u00e1cie -","robots":{"index":"index","follow":"follow","max-snippet":"max-snippet:-1","max-image-preview":"max-image-preview:large","max-video-preview":"max-video-preview:-1"},"canonical":"https:\/\/kralpolany.sk\/","og_locale":"sk_SK","og_type":"article","og_title":"Z\u00e1kladn\u00e9 inform\u00e1cie -","og_description":"Vid\u00edme sa 6. septembra 2025 V prvom rade ide o preteky roben\u00e9 srdcom. V\u0161etko za\u010dalo t\u00fdm, \u017ee jedn\u00e9ho \u010dasu skrsol v hlav\u00e1ch 4-roch chalanov &#8211; kamar\u00e1tov n\u00e1pad, spravi\u0165 \u0161portov\u00e9 podujatie, ktor\u00e9 zvidite\u013en\u00ed kr\u00e1sy n\u00e1\u0161ho kraja a uk\u00e1\u017ee, \u017ee aj mimo Tatier je mo\u017en\u00e9 spravi\u0165 preteky, ktor\u00e9 poriadne preveria aj t\u00fdch najtr\u00e9novanej\u0161\u00edch.&nbsp; Kr\u00e1\u013e Po\u013eany je duatlon [&hellip;]","og_url":"https:\/\/kralpolany.sk\/","article_modified_time":"2025-09-03T04:42:38+00:00","twitter_card":"summary_large_image","twitter_misc":{"Predpokladan\u00fd \u010das \u010d\u00edtania":"3 min\u00faty"},"schema":{"@context":"https:\/\/schema.org","@graph":[{"@type":"WebPage","@id":"https:\/\/kralpolany.sk\/","url":"https:\/\/kralpolany.sk\/","name":"Z\u00e1kladn\u00e9 inform\u00e1cie -","isPartOf":{"@id":"https:\/\/kralpolany.sk\/#website"},"datePublished":"2021-04-19T19:49:39+00:00","dateModified":"2025-09-03T04:42:38+00:00","breadcrumb":{"@id":"https:\/\/kralpolany.sk\/#breadcrumb"},"inLanguage":"sk-SK","potentialAction":[{"@type":"ReadAction","target":["https:\/\/kralpolany.sk\/"]}]},{"@type":"BreadcrumbList","@id":"https:\/\/kralpolany.sk\/#breadcrumb","itemListElement":[{"@type":"ListItem","position":1,"name":"Domovsk\u00e1 str\u00e1nka","item":"https:\/\/kralpolany.sk\/"},{"@type":"ListItem","position":2,"name":"Z\u00e1kladn\u00e9 inform\u00e1cie"}]},{"@type":"WebSite","@id":"https:\/\/kralpolany.sk\/#website","url":"https:\/\/kralpolany.sk\/","name":"","description":"","potentialAction":[{"@type":"SearchAction","target":{"@type":"EntryPoint","urlTemplate":"https:\/\/kralpolany.sk\/?s={search_term_string}"},"query-input":"required name=search_term_string"}],"inLanguage":"sk-SK"}]}},"_links":{"self":[{"href":"https:\/\/kralpolany.sk\/index.php?rest_route=\/wp\/v2\/pages\/510"}],"collection":[{"href":"https:\/\/kralpolany.sk\/index.php?rest_route=\/wp\/v2\/pages"}],"about":[{"href":"https:\/\/kralpolany.sk\/index.php?rest_route=\/wp\/v2\/types\/page"}],"author":[{"embeddable":true,"href":"https:\/\/kralpolany.sk\/index.php?rest_route=\/wp\/v2\/users\/1"}],"replies":[{"embeddable":true,"href":"https:\/\/kralpolany.sk\/index.php?rest_route=%2Fwp%2Fv2%2Fcomments&post=510"}],"version-history":[{"count":6,"href":"https:\/\/kralpolany.sk\/index.php?rest_route=\/wp\/v2\/pages\/510\/revisions"}],"predecessor-version":[{"id":819,"href":"https:\/\/kralpolany.sk\/index.php?rest_route=\/wp\/v2\/pages\/510\/revisions\/819"}],"wp:attachment":[{"href":"https:\/\/kralpolany.sk\/index.php?rest_route=%2Fwp%2Fv2%2Fmedia&parent=510"}],"curies":[{"name":"wp","href":"https:\/\/api.w.org\/{rel}","templated":true}]}}