{"id":530,"date":"2020-12-20T21:23:48","date_gmt":"2020-12-20T20:23:48","guid":{"rendered":"http:\/\/kralpolany.sk\/?page_id=530"},"modified":"2025-09-03T06:40:42","modified_gmt":"2025-09-03T04:40:42","slug":"propozicie","status":"publish","type":"page","link":"https:\/\/kralpolany.sk\/?page_id=530","title":{"rendered":"Propoz\u00edcie"},"content":{"rendered":"\t\t<div data-elementor-type=\"wp-post\" data-elementor-id=\"530\" class=\"elementor elementor-530\">\n\t\t\t\t\t\t<div class=\"elementor-inner\">\n\t\t\t\t<div class=\"elementor-section-wrap\">\n\t\t\t\t\t\t\t\t\t<section class=\"elementor-section elementor-top-section elementor-element elementor-element-b2f4b53 elementor-section-boxed elementor-section-height-default elementor-section-height-default\" data-id=\"b2f4b53\" data-element_type=\"section\">\n\t\t\t\t\t\t<div class=\"elementor-container elementor-column-gap-default\">\n\t\t\t\t\t\t\t<div class=\"elementor-row\">\n\t\t\t\t\t<div class=\"elementor-column elementor-col-100 elementor-top-column elementor-element elementor-element-f686e26\" data-id=\"f686e26\" data-element_type=\"column\">\n\t\t\t<div class=\"elementor-column-wrap elementor-element-populated\">\n\t\t\t\t\t\t\t<div class=\"elementor-widget-wrap\">\n\t\t\t\t\t\t<div class=\"elementor-element elementor-element-b41c136 elementor-widget elementor-widget-text-editor\" data-id=\"b41c136\" data-element_type=\"widget\" data-widget_type=\"text-editor.default\">\n\t\t\t\t<div class=\"elementor-widget-container\">\n\t\t\t\t\t\t\t\t<div class=\"elementor-text-editor elementor-clearfix\">\n\t\t\t\t<p class=\"MsoNormal\" align=\"center\" style=\"text-align:center\"><b><u>Kr\u00e1\u013e Po\u013eany 2025<o:p><\/o:p><\/u><\/b><\/p><p class=\"MsoNormal\"><o:p>&nbsp;<\/o:p><\/p><p class=\"MsoNormal\"><b>D\u00e1tum konania:<\/b>&nbsp;&nbsp;&nbsp;&nbsp;&nbsp;&nbsp;&nbsp;&nbsp;&nbsp;&nbsp;&nbsp;&nbsp;&nbsp;&nbsp; &nbsp;&nbsp;&nbsp;&nbsp;&nbsp;&nbsp;&nbsp;&nbsp;&nbsp;&nbsp;&nbsp;&nbsp;&nbsp;&nbsp;&nbsp; 6.\nseptembra 2025<\/p><p class=\"MsoNormal\" style=\"margin-left:141.6pt;text-indent:-141.6pt\"><b>Miesto konania:<\/b> &nbsp;&nbsp;&nbsp;&nbsp;&nbsp;&nbsp;&nbsp;&nbsp;&nbsp;&nbsp;&nbsp;&nbsp;&nbsp;&nbsp;&nbsp;&nbsp;&nbsp;&nbsp;&nbsp;&nbsp;&nbsp;&nbsp;&nbsp;&nbsp;&nbsp;&nbsp;&nbsp;&nbsp; Mestsk\u00e9 kult\u00farne stredisko Hri\u0148ov\u00e1,\nPartiz\u00e1nska 1613\/7<br>\nPrezent\u00e1cia: od 8.00 do 9.30<br>\nV\u00fdklad trate: 9.45<br>\n\u0160tart: 10.00 <\/p><p class=\"MsoNormal\"><b>Vyhodnotenie:<\/b>&nbsp;&nbsp;&nbsp;&nbsp;&nbsp;&nbsp;&nbsp;&nbsp;&nbsp;&nbsp;&nbsp;&nbsp;&nbsp;&nbsp;&nbsp;&nbsp;&nbsp;&nbsp;&nbsp;&nbsp;&nbsp;&nbsp;&nbsp;&nbsp;&nbsp;&nbsp;&nbsp;&nbsp;&nbsp;&nbsp;&nbsp; &nbsp;&nbsp;&nbsp;&nbsp;&nbsp;&nbsp;&nbsp;&nbsp;&nbsp;&nbsp;&nbsp;&nbsp;&nbsp;&nbsp;&nbsp; Horsk\u00fd hotel Po\u013eana cca 15:00\n(pod\u013ea dojazdu posledn\u00fdch pretek\u00e1rov)<\/p><p class=\"MsoNormal\" style=\"margin-left:141.6pt;text-indent:-141.6pt\"><b>Kateg\u00f3rie duatlon:<\/b>&nbsp;&nbsp;&nbsp;&nbsp;&nbsp;&nbsp;&nbsp;&nbsp;&nbsp;&nbsp;&nbsp;&nbsp;&nbsp;&nbsp;&nbsp;&nbsp;&nbsp;&nbsp;&nbsp;&nbsp;&nbsp;&nbsp;&nbsp;&nbsp; Mu\u017ei 18 \u2013 39 rokov<br>\n\u017deny 18 \u2013 39 rokov<br>\nMu\u017ei 40 \u2013 49 rokov<br>\n\u017deny 40 \u2013 49 rokov<br>\nMu\u017ei 50+<br>\n\u017deny 50+<br>\n\u0160tafeta mu\u017ei do 99 rokov s\u00fa\u010det vr\u00e1tane<br>\n\u0160tafeta \u017eeny do 99 rokov s\u00fa\u010det vr\u00e1tane<br>\n\u0160tafeta zmie\u0161an\u00e9 dvojice do 99 rokov s\u00fa\u010det vr\u00e1tane<br>\n\u0160tafeta senior (50+ alebo s\u00fa\u010det rokov dvojice nad 100 rokov) bez rozdielu\npohlavia<\/p><p class=\"MsoNormal\" style=\"margin-left:141.6pt;text-indent:-141.6pt\"><b>Kateg\u00f3rie cyklo vertikal:<\/b>&nbsp;&nbsp;&nbsp;&nbsp;&nbsp;&nbsp;&nbsp;&nbsp;&nbsp;&nbsp;&nbsp;&nbsp; Mu\u017ei 18 \u2013 39<br>\n\u017deny 18 \u2013 39<br>\nMu\u017ei 40+<br>\n\u017deny 40+<\/p><p class=\"MsoNormal\" style=\"margin-left:141.6pt;text-indent:-141.6pt\"><b>&nbsp;&nbsp;&nbsp;&nbsp;&nbsp;&nbsp;&nbsp;&nbsp;&nbsp;&nbsp;&nbsp;&nbsp;&nbsp;&nbsp;&nbsp;&nbsp;&nbsp;&nbsp;&nbsp;&nbsp;&nbsp;&nbsp;&nbsp;&nbsp;&nbsp;&nbsp;&nbsp;&nbsp;&nbsp;&nbsp;&nbsp;&nbsp;&nbsp;&nbsp;&nbsp;&nbsp;&nbsp;&nbsp;&nbsp;&nbsp;&nbsp;&nbsp;&nbsp;&nbsp;&nbsp;&nbsp;&nbsp;&nbsp;&nbsp;&nbsp;&nbsp;&nbsp;&nbsp;&nbsp;&nbsp;&nbsp;&nbsp;&nbsp;&nbsp;&nbsp;&nbsp;&nbsp; <\/b>Do\ncyklo vertikalu sa bud\u00fa zapo\u010d\u00edtava\u0165 aj \u010dasy duatlonistov. Tak\u017ee ka\u017ed\u00fd m\u00f4\u017ee\nzabojova\u0165 o \u201ecyklistick\u00e9ho Kr\u00e1\u013ea Po\u013eany\u201c<\/p><p class=\"MsoNormal\" style=\"margin-left:141.6pt;text-indent:-141.6pt\"><b>Registr\u00e1cia:<\/b> &nbsp;&nbsp;&nbsp;&nbsp;&nbsp;&nbsp;&nbsp;&nbsp;&nbsp;&nbsp;&nbsp;&nbsp;&nbsp;&nbsp;&nbsp;&nbsp;&nbsp;&nbsp;&nbsp;&nbsp;&nbsp;&nbsp;&nbsp;&nbsp;&nbsp;&nbsp;&nbsp;&nbsp;&nbsp;&nbsp;&nbsp;&nbsp;&nbsp;&nbsp;&nbsp;&nbsp;&nbsp; Online do 1. septembra 2025\n(link bude zverejnen\u00fd na na\u0161ej webovej a&nbsp;facebookovej str\u00e1nke. Po tomto\nterm\u00edne u\u017e len r\u00e1no v&nbsp;mieste prezent\u00e1cie do 9.30.<\/p><p class=\"MsoNormal\" style=\"margin-left:106.2pt;text-indent:-106.2pt\"><b>\u0160tartovn\u00e9:<\/b>&nbsp;&nbsp;&nbsp;&nbsp;&nbsp;&nbsp;&nbsp;&nbsp;&nbsp;&nbsp;&nbsp;&nbsp;&nbsp;&nbsp;&nbsp;&nbsp;&nbsp;&nbsp;&nbsp;&nbsp;&nbsp;&nbsp;&nbsp;&nbsp;&nbsp; &nbsp;&nbsp;&nbsp;&nbsp;&nbsp;&nbsp;&nbsp;&nbsp;&nbsp;&nbsp;&nbsp;&nbsp;&nbsp;&nbsp; 15,-\neuro jednotlivec, 30,- euro \u0161tafeta online registrovan\u00ed do 1. septembra 2025.<\/p><p class=\"MsoNormal\" style=\"margin-left:106.2pt;text-indent:-106.2pt\">&nbsp;&nbsp;&nbsp;&nbsp;&nbsp;&nbsp;&nbsp;&nbsp;&nbsp;&nbsp;&nbsp;&nbsp;&nbsp;&nbsp;&nbsp;&nbsp;&nbsp;&nbsp;&nbsp;&nbsp;&nbsp;&nbsp;&nbsp;&nbsp;&nbsp;&nbsp;&nbsp;&nbsp;&nbsp;&nbsp;&nbsp;&nbsp;&nbsp;&nbsp;&nbsp;&nbsp;&nbsp;&nbsp;&nbsp;&nbsp;&nbsp;&nbsp;&nbsp;&nbsp;&nbsp;&nbsp; &nbsp;&nbsp;&nbsp;&nbsp;&nbsp;&nbsp;&nbsp;&nbsp;&nbsp;&nbsp;&nbsp;&nbsp;&nbsp;&nbsp; 20,- euro jednotlivec, 40,- euro\n\u0161tafeta 6. septebra 2025 na prezent\u00e1cii<\/p><p class=\"MsoNormal\" style=\"margin-left:141.6pt;text-indent:-106.2pt\">&nbsp;&nbsp;&nbsp;&nbsp;&nbsp;&nbsp;&nbsp;&nbsp;&nbsp;&nbsp;&nbsp;&nbsp;&nbsp;&nbsp;&nbsp;&nbsp;&nbsp;&nbsp;&nbsp;&nbsp;&nbsp;&nbsp;&nbsp;&nbsp;&nbsp;&nbsp;&nbsp;&nbsp;&nbsp;&nbsp;&nbsp;&nbsp;&nbsp;&nbsp;&nbsp;&nbsp;&nbsp;&nbsp;&nbsp;&nbsp;&nbsp;&nbsp;&nbsp;&nbsp;&nbsp;&nbsp; Pri\nonline registr\u00e1cii je platbu povinn\u00e9 uhradi\u0165 na \u00fa\u010det <span style=\"font-size:\n10.0pt;line-height:115%;font-family:&quot;Segoe UI&quot;,&quot;sans-serif&quot;;color:#080809;\nbackground:#F0F0F0\">SK48 8330 0000 0026 0226 0327<\/span>,&nbsp; do pozn\u00e1mky pre pr\u00edjemcu treba uvies\u0165 Meno,\nPriezvisko a&nbsp;rok narodenia. Platbu je potrebn\u00e9 uhradi\u0165 najnesk\u00f4r do 1.\nseptembra 2025.<\/p><p class=\"MsoNormal\" style=\"margin-left:141.6pt;text-indent:-141.6pt\"><b>Povinn\u00e1 v\u00fdbava:<\/b>&nbsp;&nbsp;&nbsp;&nbsp;&nbsp;&nbsp;&nbsp;&nbsp;&nbsp;&nbsp;&nbsp;&nbsp;&nbsp;&nbsp;&nbsp;&nbsp;&nbsp;&nbsp;&nbsp;&nbsp;&nbsp;&nbsp;&nbsp;&nbsp;&nbsp;&nbsp;&nbsp;&nbsp;&nbsp; Bicykel v&nbsp;dobrom technicom stave\ns&nbsp;funk\u010dn\u00fdmi brzdami, cyklistick\u00e1 prilba, riadne upevnen\u00e1 na hlave\ncyklistu.<\/p><p class=\"MsoNormal\" style=\"margin-left:106.2pt;text-indent:-106.2pt\"><b>Odpor\u00fa\u010dan\u00e1 v\u00fdbava:<\/b>&nbsp;&nbsp;&nbsp;&nbsp;&nbsp; &nbsp;&nbsp;&nbsp;&nbsp;&nbsp;&nbsp;&nbsp;&nbsp;&nbsp;&nbsp;&nbsp;&nbsp;&nbsp;&nbsp; Dostatok\ntekut\u00edn, trailov\u00e9 be\u017eeck\u00e9 tenisky, mobiln\u00fd telef\u00f3n.<\/p><p class=\"MsoNormal\" style=\"margin-left:106.2pt;text-indent:-106.2pt\"><b>Parametre trate:<\/b>&nbsp;&nbsp;&nbsp;&nbsp;&nbsp;&nbsp;&nbsp;&nbsp;&nbsp;&nbsp;&nbsp;&nbsp; &nbsp;&nbsp;&nbsp;&nbsp;&nbsp;&nbsp;&nbsp;&nbsp;&nbsp;&nbsp;&nbsp;&nbsp;&nbsp;&nbsp; Bicykel:\n12,5km, 760m prev\u00fd\u0161enie (asfaltov\u00e1 ceata)<\/p><p class=\"MsoNormal\" style=\"margin-left:106.2pt;text-indent:35.4pt\">Beh: 10km, 600m\nprev\u00fd\u0161enie (lesn\u00e9 cesty, turistick\u00e9 chodn\u00ed\u010dky, asfaltov\u00e1 cesta)<\/p><p>\n\n\n\n\n\n\n\n\n\n\n\n\n\n\n\n\n\n\n\n\n\n\n\n\n\n\n\n\n\n\n\n<\/p><p class=\"MsoNormal\" style=\"margin-left:141.6pt\"><b>PRETEKY SA ID\u00da ZA PLNEJ PREM\u00c1VKY, PRETO TREBA DODR\u017dIAVA\u0164 PRAVIDL\u00c1\nCESTNEJ PREM\u00c1VKY. KA\u017dD\u00dd PRETEK\u00c1R IDE NA VLASTN\u00da ZODPOVEDNOS\u0164. ODPOR\u00da\u010cAME MA\u0164\n\u0160PECI\u00c1LNE PRIPOISTENIE.<\/b><\/p>\t\t\t\t\t<\/div>\n\t\t\t\t\t\t<\/div>\n\t\t\t\t<\/div>\n\t\t\t\t\t\t<\/div>\n\t\t\t\t\t<\/div>\n\t\t<\/div>\n\t\t\t\t\t\t\t\t<\/div>\n\t\t\t\t\t<\/div>\n\t\t<\/section>\n\t\t\t\t\t\t\t\t\t<\/div>\n\t\t\t<\/div>\n\t\t\t\t\t<\/div>\n\t\t","protected":false},"excerpt":{"rendered":"<p>Kr\u00e1\u013e Po\u013eany 2025 &nbsp; D\u00e1tum konania:&nbsp;&nbsp;&nbsp;&nbsp;&nbsp;&nbsp;&nbsp;&nbsp;&nbsp;&nbsp;&nbsp;&nbsp;&nbsp;&nbsp; &nbsp;&nbsp;&nbsp;&nbsp;&nbsp;&nbsp;&nbsp;&nbsp;&nbsp;&nbsp;&nbsp;&nbsp;&nbsp;&nbsp;&nbsp; 6. septembra 2025 Miesto konania: &nbsp;&nbsp;&nbsp;&nbsp;&nbsp;&nbsp;&nbsp;&nbsp;&nbsp;&nbsp;&nbsp;&nbsp;&nbsp;&nbsp;&nbsp;&nbsp;&nbsp;&nbsp;&nbsp;&nbsp;&nbsp;&nbsp;&nbsp;&nbsp;&nbsp;&nbsp;&nbsp;&nbsp; Mestsk\u00e9 kult\u00farne stredisko Hri\u0148ov\u00e1, Partiz\u00e1nska 1613\/7 Prezent\u00e1cia: od 8.00 do 9.30 V\u00fdklad trate: 9.45 \u0160tart: 10.00 Vyhodnotenie:&nbsp;&nbsp;&nbsp;&nbsp;&nbsp;&nbsp;&nbsp;&nbsp;&nbsp;&nbsp;&nbsp;&nbsp;&nbsp;&nbsp;&nbsp;&nbsp;&nbsp;&nbsp;&nbsp;&nbsp;&nbsp;&nbsp;&nbsp;&nbsp;&nbsp;&nbsp;&nbsp;&nbsp;&nbsp;&nbsp;&nbsp; &nbsp;&nbsp;&nbsp;&nbsp;&nbsp;&nbsp;&nbsp;&nbsp;&nbsp;&nbsp;&nbsp;&nbsp;&nbsp;&nbsp;&nbsp; Horsk\u00fd hotel Po\u013eana cca 15:00 (pod\u013ea dojazdu posledn\u00fdch pretek\u00e1rov) Kateg\u00f3rie duatlon:&nbsp;&nbsp;&nbsp;&nbsp;&nbsp;&nbsp;&nbsp;&nbsp;&nbsp;&nbsp;&nbsp;&nbsp;&nbsp;&nbsp;&nbsp;&nbsp;&nbsp;&nbsp;&nbsp;&nbsp;&nbsp;&nbsp;&nbsp;&nbsp; Mu\u017ei 18 \u2013 39 rokov \u017deny 18 \u2013 39 rokov Mu\u017ei 40 \u2013 [&hellip;]<\/p>\n","protected":false},"author":1,"featured_media":0,"parent":0,"menu_order":0,"comment_status":"closed","ping_status":"closed","template":"","meta":{"_mi_skip_tracking":false},"yoast_head":"<!-- This site is optimized with the Yoast SEO plugin v20.6 - https:\/\/yoast.com\/wordpress\/plugins\/seo\/ -->\n<title>Propoz\u00edcie -<\/title>\n<meta name=\"robots\" content=\"index, follow, max-snippet:-1, max-image-preview:large, max-video-preview:-1\" \/>\n<link rel=\"canonical\" href=\"https:\/\/kralpolany.sk\/?page_id=530\" \/>\n<meta property=\"og:locale\" content=\"sk_SK\" \/>\n<meta property=\"og:type\" content=\"article\" \/>\n<meta property=\"og:title\" content=\"Propoz\u00edcie -\" \/>\n<meta property=\"og:description\" content=\"Kr\u00e1\u013e Po\u013eany 2025 &nbsp; D\u00e1tum konania:&nbsp;&nbsp;&nbsp;&nbsp;&nbsp;&nbsp;&nbsp;&nbsp;&nbsp;&nbsp;&nbsp;&nbsp;&nbsp;&nbsp; &nbsp;&nbsp;&nbsp;&nbsp;&nbsp;&nbsp;&nbsp;&nbsp;&nbsp;&nbsp;&nbsp;&nbsp;&nbsp;&nbsp;&nbsp; 6. septembra 2025 Miesto konania: &nbsp;&nbsp;&nbsp;&nbsp;&nbsp;&nbsp;&nbsp;&nbsp;&nbsp;&nbsp;&nbsp;&nbsp;&nbsp;&nbsp;&nbsp;&nbsp;&nbsp;&nbsp;&nbsp;&nbsp;&nbsp;&nbsp;&nbsp;&nbsp;&nbsp;&nbsp;&nbsp;&nbsp; Mestsk\u00e9 kult\u00farne stredisko Hri\u0148ov\u00e1, Partiz\u00e1nska 1613\/7 Prezent\u00e1cia: od 8.00 do 9.30 V\u00fdklad trate: 9.45 \u0160tart: 10.00 Vyhodnotenie:&nbsp;&nbsp;&nbsp;&nbsp;&nbsp;&nbsp;&nbsp;&nbsp;&nbsp;&nbsp;&nbsp;&nbsp;&nbsp;&nbsp;&nbsp;&nbsp;&nbsp;&nbsp;&nbsp;&nbsp;&nbsp;&nbsp;&nbsp;&nbsp;&nbsp;&nbsp;&nbsp;&nbsp;&nbsp;&nbsp;&nbsp; &nbsp;&nbsp;&nbsp;&nbsp;&nbsp;&nbsp;&nbsp;&nbsp;&nbsp;&nbsp;&nbsp;&nbsp;&nbsp;&nbsp;&nbsp; Horsk\u00fd hotel Po\u013eana cca 15:00 (pod\u013ea dojazdu posledn\u00fdch pretek\u00e1rov) Kateg\u00f3rie duatlon:&nbsp;&nbsp;&nbsp;&nbsp;&nbsp;&nbsp;&nbsp;&nbsp;&nbsp;&nbsp;&nbsp;&nbsp;&nbsp;&nbsp;&nbsp;&nbsp;&nbsp;&nbsp;&nbsp;&nbsp;&nbsp;&nbsp;&nbsp;&nbsp; Mu\u017ei 18 \u2013 39 rokov \u017deny 18 \u2013 39 rokov Mu\u017ei 40 \u2013 [&hellip;]\" \/>\n<meta property=\"og:url\" content=\"https:\/\/kralpolany.sk\/?page_id=530\" \/>\n<meta property=\"article:modified_time\" content=\"2025-09-03T04:40:42+00:00\" \/>\n<meta name=\"twitter:card\" content=\"summary_large_image\" \/>\n<meta name=\"twitter:label1\" content=\"Predpokladan\u00fd \u010das \u010d\u00edtania\" \/>\n\t<meta name=\"twitter:data1\" content=\"2 min\u00faty\" \/>\n<script type=\"application\/ld+json\" class=\"yoast-schema-graph\">{\"@context\":\"https:\/\/schema.org\",\"@graph\":[{\"@type\":\"WebPage\",\"@id\":\"https:\/\/kralpolany.sk\/?page_id=530\",\"url\":\"https:\/\/kralpolany.sk\/?page_id=530\",\"name\":\"Propoz\u00edcie -\",\"isPartOf\":{\"@id\":\"https:\/\/kralpolany.sk\/#website\"},\"datePublished\":\"2020-12-20T20:23:48+00:00\",\"dateModified\":\"2025-09-03T04:40:42+00:00\",\"breadcrumb\":{\"@id\":\"https:\/\/kralpolany.sk\/?page_id=530#breadcrumb\"},\"inLanguage\":\"sk-SK\",\"potentialAction\":[{\"@type\":\"ReadAction\",\"target\":[\"https:\/\/kralpolany.sk\/?page_id=530\"]}]},{\"@type\":\"BreadcrumbList\",\"@id\":\"https:\/\/kralpolany.sk\/?page_id=530#breadcrumb\",\"itemListElement\":[{\"@type\":\"ListItem\",\"position\":1,\"name\":\"Domovsk\u00e1 str\u00e1nka\",\"item\":\"https:\/\/kralpolany.sk\/\"},{\"@type\":\"ListItem\",\"position\":2,\"name\":\"Propoz\u00edcie\"}]},{\"@type\":\"WebSite\",\"@id\":\"https:\/\/kralpolany.sk\/#website\",\"url\":\"https:\/\/kralpolany.sk\/\",\"name\":\"\",\"description\":\"\",\"potentialAction\":[{\"@type\":\"SearchAction\",\"target\":{\"@type\":\"EntryPoint\",\"urlTemplate\":\"https:\/\/kralpolany.sk\/?s={search_term_string}\"},\"query-input\":\"required name=search_term_string\"}],\"inLanguage\":\"sk-SK\"}]}<\/script>\n<!-- \/ Yoast SEO plugin. -->","yoast_head_json":{"title":"Propoz\u00edcie -","robots":{"index":"index","follow":"follow","max-snippet":"max-snippet:-1","max-image-preview":"max-image-preview:large","max-video-preview":"max-video-preview:-1"},"canonical":"https:\/\/kralpolany.sk\/?page_id=530","og_locale":"sk_SK","og_type":"article","og_title":"Propoz\u00edcie -","og_description":"Kr\u00e1\u013e Po\u013eany 2025 &nbsp; D\u00e1tum konania:&nbsp;&nbsp;&nbsp;&nbsp;&nbsp;&nbsp;&nbsp;&nbsp;&nbsp;&nbsp;&nbsp;&nbsp;&nbsp;&nbsp; &nbsp;&nbsp;&nbsp;&nbsp;&nbsp;&nbsp;&nbsp;&nbsp;&nbsp;&nbsp;&nbsp;&nbsp;&nbsp;&nbsp;&nbsp; 6. septembra 2025 Miesto konania: &nbsp;&nbsp;&nbsp;&nbsp;&nbsp;&nbsp;&nbsp;&nbsp;&nbsp;&nbsp;&nbsp;&nbsp;&nbsp;&nbsp;&nbsp;&nbsp;&nbsp;&nbsp;&nbsp;&nbsp;&nbsp;&nbsp;&nbsp;&nbsp;&nbsp;&nbsp;&nbsp;&nbsp; Mestsk\u00e9 kult\u00farne stredisko Hri\u0148ov\u00e1, Partiz\u00e1nska 1613\/7 Prezent\u00e1cia: od 8.00 do 9.30 V\u00fdklad trate: 9.45 \u0160tart: 10.00 Vyhodnotenie:&nbsp;&nbsp;&nbsp;&nbsp;&nbsp;&nbsp;&nbsp;&nbsp;&nbsp;&nbsp;&nbsp;&nbsp;&nbsp;&nbsp;&nbsp;&nbsp;&nbsp;&nbsp;&nbsp;&nbsp;&nbsp;&nbsp;&nbsp;&nbsp;&nbsp;&nbsp;&nbsp;&nbsp;&nbsp;&nbsp;&nbsp; &nbsp;&nbsp;&nbsp;&nbsp;&nbsp;&nbsp;&nbsp;&nbsp;&nbsp;&nbsp;&nbsp;&nbsp;&nbsp;&nbsp;&nbsp; Horsk\u00fd hotel Po\u013eana cca 15:00 (pod\u013ea dojazdu posledn\u00fdch pretek\u00e1rov) Kateg\u00f3rie duatlon:&nbsp;&nbsp;&nbsp;&nbsp;&nbsp;&nbsp;&nbsp;&nbsp;&nbsp;&nbsp;&nbsp;&nbsp;&nbsp;&nbsp;&nbsp;&nbsp;&nbsp;&nbsp;&nbsp;&nbsp;&nbsp;&nbsp;&nbsp;&nbsp; Mu\u017ei 18 \u2013 39 rokov \u017deny 18 \u2013 39 rokov Mu\u017ei 40 \u2013 [&hellip;]","og_url":"https:\/\/kralpolany.sk\/?page_id=530","article_modified_time":"2025-09-03T04:40:42+00:00","twitter_card":"summary_large_image","twitter_misc":{"Predpokladan\u00fd \u010das \u010d\u00edtania":"2 min\u00faty"},"schema":{"@context":"https:\/\/schema.org","@graph":[{"@type":"WebPage","@id":"https:\/\/kralpolany.sk\/?page_id=530","url":"https:\/\/kralpolany.sk\/?page_id=530","name":"Propoz\u00edcie -","isPartOf":{"@id":"https:\/\/kralpolany.sk\/#website"},"datePublished":"2020-12-20T20:23:48+00:00","dateModified":"2025-09-03T04:40:42+00:00","breadcrumb":{"@id":"https:\/\/kralpolany.sk\/?page_id=530#breadcrumb"},"inLanguage":"sk-SK","potentialAction":[{"@type":"ReadAction","target":["https:\/\/kralpolany.sk\/?page_id=530"]}]},{"@type":"BreadcrumbList","@id":"https:\/\/kralpolany.sk\/?page_id=530#breadcrumb","itemListElement":[{"@type":"ListItem","position":1,"name":"Domovsk\u00e1 str\u00e1nka","item":"https:\/\/kralpolany.sk\/"},{"@type":"ListItem","position":2,"name":"Propoz\u00edcie"}]},{"@type":"WebSite","@id":"https:\/\/kralpolany.sk\/#website","url":"https:\/\/kralpolany.sk\/","name":"","description":"","potentialAction":[{"@type":"SearchAction","target":{"@type":"EntryPoint","urlTemplate":"https:\/\/kralpolany.sk\/?s={search_term_string}"},"query-input":"required name=search_term_string"}],"inLanguage":"sk-SK"}]}},"_links":{"self":[{"href":"https:\/\/kralpolany.sk\/index.php?rest_route=\/wp\/v2\/pages\/530"}],"collection":[{"href":"https:\/\/kralpolany.sk\/index.php?rest_route=\/wp\/v2\/pages"}],"about":[{"href":"https:\/\/kralpolany.sk\/index.php?rest_route=\/wp\/v2\/types\/page"}],"author":[{"embeddable":true,"href":"https:\/\/kralpolany.sk\/index.php?rest_route=\/wp\/v2\/users\/1"}],"replies":[{"embeddable":true,"href":"https:\/\/kralpolany.sk\/index.php?rest_route=%2Fwp%2Fv2%2Fcomments&post=530"}],"version-history":[{"count":6,"href":"https:\/\/kralpolany.sk\/index.php?rest_route=\/wp\/v2\/pages\/530\/revisions"}],"predecessor-version":[{"id":816,"href":"https:\/\/kralpolany.sk\/index.php?rest_route=\/wp\/v2\/pages\/530\/revisions\/816"}],"wp:attachment":[{"href":"https:\/\/kralpolany.sk\/index.php?rest_route=%2Fwp%2Fv2%2Fmedia&parent=530"}],"curies":[{"name":"wp","href":"https:\/\/api.w.org\/{rel}","templated":true}]}}