{"id":532,"date":"2021-04-19T21:49:06","date_gmt":"2021-04-19T19:49:06","guid":{"rendered":"http:\/\/kralpolany.sk\/?page_id=532"},"modified":"2021-04-19T22:36:41","modified_gmt":"2021-04-19T20:36:41","slug":"vysledky","status":"publish","type":"page","link":"https:\/\/kralpolany.sk\/?page_id=532","title":{"rendered":"V\u00fdsledky"},"content":{"rendered":"\t\t<div data-elementor-type=\"wp-post\" data-elementor-id=\"532\" class=\"elementor elementor-532\">\n\t\t\t\t\t\t<div class=\"elementor-inner\">\n\t\t\t\t<div class=\"elementor-section-wrap\">\n\t\t\t\t\t\t\t\t\t<section class=\"elementor-section elementor-top-section elementor-element elementor-element-63489a9 elementor-section-boxed elementor-section-height-default elementor-section-height-default\" data-id=\"63489a9\" data-element_type=\"section\">\n\t\t\t\t\t\t<div class=\"elementor-container elementor-column-gap-default\">\n\t\t\t\t\t\t\t<div class=\"elementor-row\">\n\t\t\t\t\t<div class=\"elementor-column elementor-col-100 elementor-top-column elementor-element elementor-element-a212952\" data-id=\"a212952\" data-element_type=\"column\">\n\t\t\t<div class=\"elementor-column-wrap elementor-element-populated\">\n\t\t\t\t\t\t\t<div class=\"elementor-widget-wrap\">\n\t\t\t\t\t\t<div class=\"elementor-element elementor-element-9beffab elementor-button-info elementor-align-center animated-fast elementor-invisible elementor-widget elementor-widget-button\" data-id=\"9beffab\" data-element_type=\"widget\" data-settings=\"{&quot;_animation&quot;:&quot;zoomIn&quot;}\" data-widget_type=\"button.default\">\n\t\t\t\t<div class=\"elementor-widget-container\">\n\t\t\t\t\t<div class=\"elementor-button-wrapper\">\n\t\t\t<a href=\"https:\/\/www.casomierapt.sk\/udalost_vysledky.php?id=714&#038;fbclid=IwAR3v6AcBp7kYoZh4nsFg7Px09IXzt6b4FpizY5SAOILKdWkhsFUkl0fh2hg\" target=\"_blank\" class=\"elementor-button-link elementor-button elementor-size-md\" role=\"button\">\n\t\t\t\t\t\t<span class=\"elementor-button-content-wrapper\">\n\t\t\t\t\t\t<span class=\"elementor-button-text\">4. ro\u010dn\u00edk (2020)<\/span>\n\t\t<\/span>\n\t\t\t\t\t<\/a>\n\t\t<\/div>\n\t\t\t\t<\/div>\n\t\t\t\t<\/div>\n\t\t\t\t<div class=\"elementor-element elementor-element-f886c12 elementor-button-info elementor-align-center animated-fast elementor-invisible elementor-widget elementor-widget-button\" data-id=\"f886c12\" data-element_type=\"widget\" data-settings=\"{&quot;_animation&quot;:&quot;zoomIn&quot;}\" data-widget_type=\"button.default\">\n\t\t\t\t<div class=\"elementor-widget-container\">\n\t\t\t\t\t<div class=\"elementor-button-wrapper\">\n\t\t\t<a href=\"https:\/\/www.casomierapt.sk\/udalost_vysledky.php?id=467&#038;fbclid=IwAR2XYnxhBvhFxsMAE6Hqqyiwtlh5Fjulrn_79XLXjdWcO-U9b8SIYhUa2iI\" target=\"_blank\" class=\"elementor-button-link elementor-button elementor-size-md\" role=\"button\">\n\t\t\t\t\t\t<span class=\"elementor-button-content-wrapper\">\n\t\t\t\t\t\t<span class=\"elementor-button-text\">3. ro\u010dn\u00edk (2019)<\/span>\n\t\t<\/span>\n\t\t\t\t\t<\/a>\n\t\t<\/div>\n\t\t\t\t<\/div>\n\t\t\t\t<\/div>\n\t\t\t\t<div class=\"elementor-element elementor-element-28d68b5 elementor-button-info elementor-align-center animated-fast elementor-invisible elementor-widget elementor-widget-button\" data-id=\"28d68b5\" data-element_type=\"widget\" data-settings=\"{&quot;_animation&quot;:&quot;zoomIn&quot;}\" data-widget_type=\"button.default\">\n\t\t\t\t<div class=\"elementor-widget-container\">\n\t\t\t\t\t<div class=\"elementor-button-wrapper\">\n\t\t\t<a href=\"https:\/\/www.casomierapt.sk\/vysledky\/2018\/ATLETIKA\/KOSUTKA\/Duatlon_Kat.pdf?fbclid=IwAR2k-j-vF1YXDxHTk16OMUJ1wquh8K-s_FEB--mtrKS8yQCyg7ltUcpPQUw\" target=\"_blank\" class=\"elementor-button-link elementor-button elementor-size-md\" role=\"button\">\n\t\t\t\t\t\t<span class=\"elementor-button-content-wrapper\">\n\t\t\t\t\t\t<span class=\"elementor-button-text\">2. ro\u010dn\u00edk (2018)<\/span>\n\t\t<\/span>\n\t\t\t\t\t<\/a>\n\t\t<\/div>\n\t\t\t\t<\/div>\n\t\t\t\t<\/div>\n\t\t\t\t<div class=\"elementor-element elementor-element-83aaa0d elementor-button-info elementor-align-center animated-fast elementor-invisible elementor-widget elementor-widget-button\" data-id=\"83aaa0d\" data-element_type=\"widget\" data-settings=\"{&quot;_animation&quot;:&quot;zoomIn&quot;}\" data-widget_type=\"button.default\">\n\t\t\t\t<div class=\"elementor-widget-container\">\n\t\t\t\t\t<div class=\"elementor-button-wrapper\">\n\t\t\t<a href=\"https:\/\/kralpolany.sk\/wp-content\/uploads\/2017\/09\/Polana_kat.pdf?fbclid=IwAR0-37QcSPUDL7oVVnmhBLzztNcmMwwpOzH95BaSGTNe01Ry8q8TCPGBQmk\" target=\"_blank\" class=\"elementor-button-link elementor-button elementor-size-md\" role=\"button\">\n\t\t\t\t\t\t<span class=\"elementor-button-content-wrapper\">\n\t\t\t\t\t\t<span class=\"elementor-button-text\">1. ro\u010dn\u00edk (2017)<\/span>\n\t\t<\/span>\n\t\t\t\t\t<\/a>\n\t\t<\/div>\n\t\t\t\t<\/div>\n\t\t\t\t<\/div>\n\t\t\t\t<div class=\"elementor-element elementor-element-b2ab8fc elementor-button-info elementor-align-center animated-fast elementor-invisible elementor-widget elementor-widget-button\" data-id=\"b2ab8fc\" data-element_type=\"widget\" data-settings=\"{&quot;_animation&quot;:&quot;zoomIn&quot;}\" data-widget_type=\"button.default\">\n\t\t\t\t<div class=\"elementor-widget-container\">\n\t\t\t\t\t<div class=\"elementor-button-wrapper\">\n\t\t\t<a href=\"https:\/\/drive.google.com\/file\/d\/0B1mB0YUACvzpblkwQzBHNmhCbEE\/view?fbclid=IwAR3lcQqSEEQKs2Rk-CbN5UzNgJu06CVgUjbM3syDm_4jrFebvCIUUAO0k0I\" target=\"_blank\" class=\"elementor-button-link elementor-button elementor-size-md\" role=\"button\">\n\t\t\t\t\t\t<span class=\"elementor-button-content-wrapper\">\n\t\t\t\t\t\t<span class=\"elementor-button-text\">0. ro\u010dn\u00edk (2016)<\/span>\n\t\t<\/span>\n\t\t\t\t\t<\/a>\n\t\t<\/div>\n\t\t\t\t<\/div>\n\t\t\t\t<\/div>\n\t\t\t\t\t\t<\/div>\n\t\t\t\t\t<\/div>\n\t\t<\/div>\n\t\t\t\t\t\t\t\t<\/div>\n\t\t\t\t\t<\/div>\n\t\t<\/section>\n\t\t\t\t\t\t\t\t\t<\/div>\n\t\t\t<\/div>\n\t\t\t\t\t<\/div>\n\t\t","protected":false},"excerpt":{"rendered":"<p>4. ro\u010dn\u00edk (2020) 3. ro\u010dn\u00edk (2019) 2. ro\u010dn\u00edk (2018) 1. ro\u010dn\u00edk (2017) 0. ro\u010dn\u00edk (2016)<\/p>\n","protected":false},"author":1,"featured_media":0,"parent":0,"menu_order":0,"comment_status":"closed","ping_status":"closed","template":"","meta":{"_mi_skip_tracking":false},"yoast_head":"<!-- This site is optimized with the Yoast SEO plugin v20.6 - https:\/\/yoast.com\/wordpress\/plugins\/seo\/ -->\n<title>V\u00fdsledky -<\/title>\n<meta name=\"robots\" content=\"index, follow, max-snippet:-1, max-image-preview:large, max-video-preview:-1\" \/>\n<link rel=\"canonical\" href=\"https:\/\/kralpolany.sk\/?page_id=532\" \/>\n<meta property=\"og:locale\" content=\"sk_SK\" \/>\n<meta property=\"og:type\" content=\"article\" \/>\n<meta property=\"og:title\" content=\"V\u00fdsledky -\" \/>\n<meta property=\"og:description\" content=\"4. ro\u010dn\u00edk (2020) 3. ro\u010dn\u00edk (2019) 2. ro\u010dn\u00edk (2018) 1. ro\u010dn\u00edk (2017) 0. ro\u010dn\u00edk (2016)\" \/>\n<meta property=\"og:url\" content=\"https:\/\/kralpolany.sk\/?page_id=532\" \/>\n<meta property=\"article:modified_time\" content=\"2021-04-19T20:36:41+00:00\" \/>\n<meta name=\"twitter:card\" content=\"summary_large_image\" \/>\n<script type=\"application\/ld+json\" class=\"yoast-schema-graph\">{\"@context\":\"https:\/\/schema.org\",\"@graph\":[{\"@type\":\"WebPage\",\"@id\":\"https:\/\/kralpolany.sk\/?page_id=532\",\"url\":\"https:\/\/kralpolany.sk\/?page_id=532\",\"name\":\"V\u00fdsledky -\",\"isPartOf\":{\"@id\":\"https:\/\/kralpolany.sk\/#website\"},\"datePublished\":\"2021-04-19T19:49:06+00:00\",\"dateModified\":\"2021-04-19T20:36:41+00:00\",\"breadcrumb\":{\"@id\":\"https:\/\/kralpolany.sk\/?page_id=532#breadcrumb\"},\"inLanguage\":\"sk-SK\",\"potentialAction\":[{\"@type\":\"ReadAction\",\"target\":[\"https:\/\/kralpolany.sk\/?page_id=532\"]}]},{\"@type\":\"BreadcrumbList\",\"@id\":\"https:\/\/kralpolany.sk\/?page_id=532#breadcrumb\",\"itemListElement\":[{\"@type\":\"ListItem\",\"position\":1,\"name\":\"Domovsk\u00e1 str\u00e1nka\",\"item\":\"https:\/\/kralpolany.sk\/\"},{\"@type\":\"ListItem\",\"position\":2,\"name\":\"V\u00fdsledky\"}]},{\"@type\":\"WebSite\",\"@id\":\"https:\/\/kralpolany.sk\/#website\",\"url\":\"https:\/\/kralpolany.sk\/\",\"name\":\"\",\"description\":\"\",\"potentialAction\":[{\"@type\":\"SearchAction\",\"target\":{\"@type\":\"EntryPoint\",\"urlTemplate\":\"https:\/\/kralpolany.sk\/?s={search_term_string}\"},\"query-input\":\"required name=search_term_string\"}],\"inLanguage\":\"sk-SK\"}]}<\/script>\n<!-- \/ Yoast SEO plugin. -->","yoast_head_json":{"title":"V\u00fdsledky -","robots":{"index":"index","follow":"follow","max-snippet":"max-snippet:-1","max-image-preview":"max-image-preview:large","max-video-preview":"max-video-preview:-1"},"canonical":"https:\/\/kralpolany.sk\/?page_id=532","og_locale":"sk_SK","og_type":"article","og_title":"V\u00fdsledky -","og_description":"4. ro\u010dn\u00edk (2020) 3. ro\u010dn\u00edk (2019) 2. ro\u010dn\u00edk (2018) 1. ro\u010dn\u00edk (2017) 0. ro\u010dn\u00edk (2016)","og_url":"https:\/\/kralpolany.sk\/?page_id=532","article_modified_time":"2021-04-19T20:36:41+00:00","twitter_card":"summary_large_image","schema":{"@context":"https:\/\/schema.org","@graph":[{"@type":"WebPage","@id":"https:\/\/kralpolany.sk\/?page_id=532","url":"https:\/\/kralpolany.sk\/?page_id=532","name":"V\u00fdsledky -","isPartOf":{"@id":"https:\/\/kralpolany.sk\/#website"},"datePublished":"2021-04-19T19:49:06+00:00","dateModified":"2021-04-19T20:36:41+00:00","breadcrumb":{"@id":"https:\/\/kralpolany.sk\/?page_id=532#breadcrumb"},"inLanguage":"sk-SK","potentialAction":[{"@type":"ReadAction","target":["https:\/\/kralpolany.sk\/?page_id=532"]}]},{"@type":"BreadcrumbList","@id":"https:\/\/kralpolany.sk\/?page_id=532#breadcrumb","itemListElement":[{"@type":"ListItem","position":1,"name":"Domovsk\u00e1 str\u00e1nka","item":"https:\/\/kralpolany.sk\/"},{"@type":"ListItem","position":2,"name":"V\u00fdsledky"}]},{"@type":"WebSite","@id":"https:\/\/kralpolany.sk\/#website","url":"https:\/\/kralpolany.sk\/","name":"","description":"","potentialAction":[{"@type":"SearchAction","target":{"@type":"EntryPoint","urlTemplate":"https:\/\/kralpolany.sk\/?s={search_term_string}"},"query-input":"required name=search_term_string"}],"inLanguage":"sk-SK"}]}},"_links":{"self":[{"href":"https:\/\/kralpolany.sk\/index.php?rest_route=\/wp\/v2\/pages\/532"}],"collection":[{"href":"https:\/\/kralpolany.sk\/index.php?rest_route=\/wp\/v2\/pages"}],"about":[{"href":"https:\/\/kralpolany.sk\/index.php?rest_route=\/wp\/v2\/types\/page"}],"author":[{"embeddable":true,"href":"https:\/\/kralpolany.sk\/index.php?rest_route=\/wp\/v2\/users\/1"}],"replies":[{"embeddable":true,"href":"https:\/\/kralpolany.sk\/index.php?rest_route=%2Fwp%2Fv2%2Fcomments&post=532"}],"version-history":[{"count":6,"href":"https:\/\/kralpolany.sk\/index.php?rest_route=\/wp\/v2\/pages\/532\/revisions"}],"predecessor-version":[{"id":612,"href":"https:\/\/kralpolany.sk\/index.php?rest_route=\/wp\/v2\/pages\/532\/revisions\/612"}],"wp:attachment":[{"href":"https:\/\/kralpolany.sk\/index.php?rest_route=%2Fwp%2Fv2%2Fmedia&parent=532"}],"curies":[{"name":"wp","href":"https:\/\/api.w.org\/{rel}","templated":true}]}}